{"id":15193,"date":"2026-03-26T11:56:18","date_gmt":"2026-03-26T11:56:18","guid":{"rendered":"https:\/\/capslockdijital.site\/bgmmakine\/?page_id=15193"},"modified":"2026-03-26T11:58:37","modified_gmt":"2026-03-26T11:58:37","slug":"amonyakli-tav-firin-kucuk-asansorlu-model","status":"publish","type":"page","link":"https:\/\/capslockdijital.site\/bgmmakine\/amonyakli-tav-firin-kucuk-asansorlu-model\/","title":{"rendered":"Amonyakl\u0131 Tav F\u0131r\u0131n K\u00fc\u00e7\u00fck Asans\u00f6rl\u00fc Model"},"content":{"rendered":"\t\t<div data-elementor-type=\"wp-page\" data-elementor-id=\"15193\" class=\"elementor elementor-15193\">\n\t\t\t\t<div class=\"elementor-element elementor-element-b803c0f e-con-full e-flex e-con e-parent\" data-id=\"b803c0f\" data-element_type=\"container\" data-settings=\"{&quot;background_background&quot;:&quot;classic&quot;}\">\n\t\t\t\t<div class=\"elementor-element elementor-element-23aeabb elementor-widget elementor-widget-rs-dual-heading\" data-id=\"23aeabb\" data-element_type=\"widget\" data-widget_type=\"rs-dual-heading.default\">\n\t\t\t\t<div class=\"elementor-widget-container\">\n\t\t\t\t\t        <div class=\"rs-dual-heading style9 center\">\r\n        \t<div class=\"title-inner\">\r\n        \t\t      \t\t\r\n\t            <h2 class=\"title\">Asans\u00f6rl\u00fc Sistem ile G\u00fcvenli ve Verimli Tavlama<\/h2><div class=\"title-img bottom-img\"><img decoding=\"async\" src=\"\" \/><\/div>\t        <\/div>\r\n\t                <\/div>\r\n        \t\t\t\t<\/div>\n\t\t\t\t<\/div>\n\t\t\t\t<div class=\"elementor-element elementor-element-2a4bf54 elementor-widget elementor-widget-rs-heading\" data-id=\"2a4bf54\" data-element_type=\"widget\" data-widget_type=\"rs-heading.default\">\n\t\t\t\t<div class=\"elementor-widget-container\">\n\t\t\t\t\t        <div class=\"rs-heading default center \">\r\n        \t<div class=\"title-inner\">\r\n        \t\t      \t\t\r\n\t            \t        <\/div>\r\n\t                    \t<div class=\"description\">\r\n            \t\t<div class=\"flex flex-col text-sm pb-25\"><section class=\"text-token-text-primary w-full focus:outline-none [--shadow-height:45px] has-data-writing-block:pointer-events-none has-data-writing-block:-mt-(--shadow-height) has-data-writing-block:pt-(--shadow-height) [&amp;:has([data-writing-block])&gt;*]:pointer-events-auto scroll-mt-[calc(var(--header-height)+min(200px,max(70px,20svh)))]\" dir=\"auto\" data-turn-id=\"request-WEB:a098e1f4-485f-45c4-89e5-9cc29a2dc11e-17\" data-testid=\"conversation-turn-30\" data-scroll-anchor=\"true\" data-turn=\"assistant\"><div class=\"text-base my-auto mx-auto pb-10 [--thread-content-margin:var(--thread-content-margin-xs,calc(var(--spacing)*4))] @w-sm\/main:[--thread-content-margin:var(--thread-content-margin-sm,calc(var(--spacing)*6))] @w-lg\/main:[--thread-content-margin:var(--thread-content-margin-lg,calc(var(--spacing)*16))] px-(--thread-content-margin)\"><div class=\"[--thread-content-max-width:40rem] @w-lg\/main:[--thread-content-max-width:48rem] mx-auto max-w-(--thread-content-max-width) flex-1 group\/turn-messages focus-visible:outline-hidden relative flex w-full min-w-0 flex-col agent-turn\"><div class=\"flex max-w-full flex-col gap-4 grow\"><div class=\"min-h-8 text-message relative flex w-full flex-col items-end gap-2 text-start break-words whitespace-normal outline-none keyboard-focused:focus-ring [.text-message+&amp;]:mt-1\" dir=\"auto\" data-message-author-role=\"assistant\" data-message-id=\"f7483377-a55e-4c60-90c4-3d1661c0d722\" data-message-model-slug=\"gpt-5-3\" data-turn-start-message=\"true\"><div class=\"flex w-full flex-col gap-1 empty:hidden\"><div class=\"markdown prose dark:prose-invert w-full wrap-break-word dark markdown-new-styling\"><div class=\"flex flex-col text-sm pb-25\"><section class=\"text-token-text-primary w-full focus:outline-none [--shadow-height:45px] has-data-writing-block:pointer-events-none has-data-writing-block:-mt-(--shadow-height) has-data-writing-block:pt-(--shadow-height) [&amp;:has([data-writing-block])&gt;*]:pointer-events-auto scroll-mt-[calc(var(--header-height)+min(200px,max(70px,20svh)))]\" dir=\"auto\" data-turn-id=\"request-WEB:a098e1f4-485f-45c4-89e5-9cc29a2dc11e-17\" data-testid=\"conversation-turn-30\" data-scroll-anchor=\"true\" data-turn=\"assistant\"><div class=\"text-base my-auto mx-auto pb-10 [--thread-content-margin:var(--thread-content-margin-xs,calc(var(--spacing)*4))] @w-sm\/main:[--thread-content-margin:var(--thread-content-margin-sm,calc(var(--spacing)*6))] @w-lg\/main:[--thread-content-margin:var(--thread-content-margin-lg,calc(var(--spacing)*16))] px-(--thread-content-margin)\"><div class=\"[--thread-content-max-width:40rem] @w-lg\/main:[--thread-content-max-width:48rem] mx-auto max-w-(--thread-content-max-width) flex-1 group\/turn-messages focus-visible:outline-hidden relative flex w-full min-w-0 flex-col agent-turn\"><div class=\"flex max-w-full flex-col gap-4 grow\"><div class=\"min-h-8 text-message relative flex w-full flex-col items-end gap-2 text-start break-words whitespace-normal outline-none keyboard-focused:focus-ring [.text-message+&amp;]:mt-1\" dir=\"auto\" data-message-author-role=\"assistant\" data-message-id=\"f7483377-a55e-4c60-90c4-3d1661c0d722\" data-message-model-slug=\"gpt-5-3\" data-turn-start-message=\"true\"><div class=\"flex w-full flex-col gap-1 empty:hidden\"><div class=\"markdown prose dark:prose-invert w-full wrap-break-word dark markdown-new-styling\"><p data-start=\"72\" data-end=\"479\" data-is-last-node=\"\" data-is-only-node=\"\">Amonyakl\u0131 Tav F\u0131r\u0131n Asans\u00f6rl\u00fc Model, kuyumculuk sekt\u00f6r\u00fcnde metallerin kontroll\u00fc ve homojen \u015fekilde tavlanmas\u0131n\u0131 sa\u011flayarak \u00fcretim s\u00fcre\u00e7lerinde y\u00fcksek verimlilik sunar. Asans\u00f6rl\u00fc mekanizmas\u0131 sayesinde y\u00fckleme ve bo\u015faltma i\u015flemleri daha g\u00fcvenli ve ergonomik hale gelirken, amonyak destekli sistem metal y\u00fczeyinde oksitlenmeyi azaltarak daha kaliteli sonu\u00e7lar elde edilmesine yard\u0131mc\u0131 olur.<\/p><\/div><\/div><\/div><\/div><\/div><\/div><\/section><\/div><\/div><\/div><\/div><\/div><\/div><\/div><\/section><\/div>            \t\t\r\n            \t<\/div>\r\n        \t        <\/div>\r\n\r\n        \t\t\t\t<\/div>\n\t\t\t\t<\/div>\n\t\t\t\t<div class=\"elementor-element elementor-element-d8a92c9 elementor-widget elementor-widget-rs-button\" data-id=\"d8a92c9\" data-element_type=\"widget\" data-widget_type=\"rs-button.default\">\n\t\t\t\t<div class=\"elementor-widget-container\">\n\t\t\t\t\t\t\r\n\t\t\r\n\t\t<div class=\"rs-btn\">\r\n\t\t\t\t\t\t<a class=\"readon rs_button\" href=\"https:\/\/capslockdijital.site\/bgmmakine\/iletisim\/\" >\t\t\t\t\r\n\t\t\t\t<span class=\"btn_text\">Hemen Bize Ula\u015f\u0131n<\/span>\r\n\t\t\t\t\t\t\t\t\t<i class=\"fa fa fa-angle-right\"><\/i>\r\n\t\t\t\t\t\t\t<\/a>\r\n\t\t<\/div>    \r\n\t\t\t\t\t<\/div>\n\t\t\t\t<\/div>\n\t\t\t\t<\/div>\n\t\t<div class=\"elementor-element elementor-element-4ffbba0 e-flex e-con-boxed e-con e-parent\" data-id=\"4ffbba0\" data-element_type=\"container\">\n\t\t\t\t\t<div class=\"e-con-inner\">\n\t\t<div class=\"elementor-element elementor-element-896e2ad e-flex e-con-boxed e-con e-child\" data-id=\"896e2ad\" data-element_type=\"container\">\n\t\t\t\t\t<div class=\"e-con-inner\">\n\t\t<div class=\"elementor-element elementor-element-ee2da9d e-con-full e-flex e-con e-child\" data-id=\"ee2da9d\" data-element_type=\"container\">\n\t\t\t\t<div class=\"elementor-element elementor-element-23db7aa elementor-widget elementor-widget-image\" data-id=\"23db7aa\" data-element_type=\"widget\" data-widget_type=\"image.default\">\n\t\t\t\t<div class=\"elementor-widget-container\">\n\t\t\t\t\t\t\t\t\t\t\t\t\t\t\t\t<a href=\"https:\/\/capslockdijital.site\/bgmmakine\/wp-content\/uploads\/2026\/03\/bgm-makine-3.webp\" data-elementor-open-lightbox=\"yes\" data-elementor-lightbox-title=\"bgm-makine-3\" data-e-action-hash=\"#elementor-action%3Aaction%3Dlightbox%26settings%3DeyJpZCI6MTUwMjIsInVybCI6Imh0dHBzOlwvXC9jYXBzbG9ja2Rpaml0YWwuc2l0ZVwvYmdtbWFraW5lXC93cC1jb250ZW50XC91cGxvYWRzXC8yMDI2XC8wM1wvYmdtLW1ha2luZS0zLndlYnAifQ%3D%3D\">\n\t\t\t\t\t\t\t<img fetchpriority=\"high\" decoding=\"async\" width=\"640\" height=\"427\" src=\"https:\/\/capslockdijital.site\/bgmmakine\/wp-content\/uploads\/2026\/03\/bgm-makine-3-1024x683.webp\" class=\"attachment-large size-large wp-image-15022\" alt=\"\" srcset=\"https:\/\/capslockdijital.site\/bgmmakine\/wp-content\/uploads\/2026\/03\/bgm-makine-3-1024x683.webp 1024w, https:\/\/capslockdijital.site\/bgmmakine\/wp-content\/uploads\/2026\/03\/bgm-makine-3-300x200.webp 300w, https:\/\/capslockdijital.site\/bgmmakine\/wp-content\/uploads\/2026\/03\/bgm-makine-3-768x512.webp 768w, https:\/\/capslockdijital.site\/bgmmakine\/wp-content\/uploads\/2026\/03\/bgm-makine-3-365x243.webp 365w, https:\/\/capslockdijital.site\/bgmmakine\/wp-content\/uploads\/2026\/03\/bgm-makine-3-600x400.webp 600w, https:\/\/capslockdijital.site\/bgmmakine\/wp-content\/uploads\/2026\/03\/bgm-makine-3.webp 1200w\" sizes=\"(max-width: 640px) 100vw, 640px\" \/>\t\t\t\t\t\t\t\t<\/a>\n\t\t\t\t\t\t\t\t\t\t\t\t\t\t\t<\/div>\n\t\t\t\t<\/div>\n\t\t\t\t<\/div>\n\t\t<div class=\"elementor-element elementor-element-f6a4ec6 e-con-full e-flex e-con e-child\" data-id=\"f6a4ec6\" data-element_type=\"container\">\n\t\t\t\t<div class=\"elementor-element elementor-element-067cccf elementor-widget elementor-widget-rs-dual-heading\" data-id=\"067cccf\" data-element_type=\"widget\" data-widget_type=\"rs-dual-heading.default\">\n\t\t\t\t<div class=\"elementor-widget-container\">\n\t\t\t\t\t        <div class=\"rs-dual-heading style9 left\">\r\n        \t<div class=\"title-inner\">\r\n        \t\t      \t\t\r\n\t            <h2 class=\"title\">Asans\u00f6rl\u00fc Sistemle G\u00fc\u00e7l\u00fc ve Kontroll\u00fc Tavlama<\/h2><div class=\"title-img bottom-img\"><img decoding=\"async\" src=\"\" \/><\/div>\t        <\/div>\r\n\t                <\/div>\r\n        \t\t\t\t<\/div>\n\t\t\t\t<\/div>\n\t\t\t\t<div class=\"elementor-element elementor-element-b556948 elementor-widget elementor-widget-rs-heading\" data-id=\"b556948\" data-element_type=\"widget\" data-widget_type=\"rs-heading.default\">\n\t\t\t\t<div class=\"elementor-widget-container\">\n\t\t\t\t\t        <div class=\"rs-heading default <br \/>\n<b>Warning<\/b>:  Undefined array key \"align\" in <b>\/home\/u1459348\/public_html\/bgmmakine\/wp-content\/plugins\/rselements\/widgets\/heading\/heading.php<\/b> on line <b>516<\/b><br \/>\n \">\r\n        \t<div class=\"title-inner\">\r\n        \t\t      \t\t\r\n\t            \t        <\/div>\r\n\t                    \t<div class=\"description\">\r\n            \t\t<div class=\"flex flex-col text-sm pb-25\"><section class=\"text-token-text-primary w-full focus:outline-none [--shadow-height:45px] has-data-writing-block:pointer-events-none has-data-writing-block:-mt-(--shadow-height) has-data-writing-block:pt-(--shadow-height) [&amp;:has([data-writing-block])&gt;*]:pointer-events-auto scroll-mt-[calc(var(--header-height)+min(200px,max(70px,20svh)))]\" dir=\"auto\" data-turn-id=\"request-WEB:a098e1f4-485f-45c4-89e5-9cc29a2dc11e-19\" data-testid=\"conversation-turn-34\" data-scroll-anchor=\"true\" data-turn=\"assistant\"><div class=\"text-base my-auto mx-auto pb-10 [--thread-content-margin:var(--thread-content-margin-xs,calc(var(--spacing)*4))] @w-sm\/main:[--thread-content-margin:var(--thread-content-margin-sm,calc(var(--spacing)*6))] @w-lg\/main:[--thread-content-margin:var(--thread-content-margin-lg,calc(var(--spacing)*16))] px-(--thread-content-margin)\"><div class=\"[--thread-content-max-width:40rem] @w-lg\/main:[--thread-content-max-width:48rem] mx-auto max-w-(--thread-content-max-width) flex-1 group\/turn-messages focus-visible:outline-hidden relative flex w-full min-w-0 flex-col agent-turn\"><div class=\"flex max-w-full flex-col gap-4 grow\"><div class=\"min-h-8 text-message relative flex w-full flex-col items-end gap-2 text-start break-words whitespace-normal outline-none keyboard-focused:focus-ring [.text-message+&amp;]:mt-1\" dir=\"auto\" data-message-author-role=\"assistant\" data-message-id=\"a62252e5-1c30-4f8f-9d20-e45c871aebdc\" data-message-model-slug=\"gpt-5-3\" data-turn-start-message=\"true\"><div class=\"flex w-full flex-col gap-1 empty:hidden\"><div class=\"markdown prose dark:prose-invert w-full wrap-break-word dark markdown-new-styling\"><p data-start=\"70\" data-end=\"485\" data-is-last-node=\"\" data-is-only-node=\"\">Amonyakl\u0131 Tav F\u0131r\u0131n Asans\u00f6rl\u00fc Model, kuyumculuk \u00fcretim s\u00fcre\u00e7lerinde metallerin homojen ve kontroll\u00fc \u015fekilde tavlanmas\u0131n\u0131 sa\u011flayarak y\u00fcksek kalite ve verimlilik sunar. Asans\u00f6rl\u00fc mekanizmas\u0131 sayesinde y\u00fckleme ve bo\u015faltma i\u015flemleri daha g\u00fcvenli ve pratik hale gelirken, amonyak destekli sistem metal y\u00fczeyinde oksitlenmeyi azaltarak daha temiz ve i\u015flenebilir sonu\u00e7lar elde edilmesine yard\u0131mc\u0131 olur.<\/p><\/div><\/div><\/div><\/div><\/div><\/div><\/section><\/div>            \t\t\r\n            \t<\/div>\r\n        \t        <\/div>\r\n\r\n        \t\t\t\t<\/div>\n\t\t\t\t<\/div>\n\t\t\t\t<\/div>\n\t\t\t\t\t<\/div>\n\t\t\t\t<\/div>\n\t\t\t\t\t<\/div>\n\t\t\t\t<\/div>\n\t\t<div class=\"elementor-element elementor-element-e1141da e-flex e-con-boxed e-con e-parent\" data-id=\"e1141da\" data-element_type=\"container\">\n\t\t\t\t\t<div class=\"e-con-inner\">\n\t\t\t\t<div class=\"elementor-element elementor-element-93692de elementor-widget elementor-widget-html\" data-id=\"93692de\" data-element_type=\"widget\" data-widget_type=\"html.default\">\n\t\t\t\t<div class=\"elementor-widget-container\">\n\t\t\t\t\t<style>\r\n\r\n.bgm-spec-section{\r\nmax-width:1000px;\r\nmargin:60px auto;\r\nfont-family:Arial, Helvetica, sans-serif;\r\n}\r\n\r\n.bgm-spec-title{\r\nfont-size:28px;\r\nfont-weight:700;\r\nmargin-bottom:30px;\r\ncolor:#1f2937;\r\n}\r\n\r\n.bgm-spec-grid{\r\ndisplay:grid;\r\ngrid-template-columns:1fr 1fr;\r\ngap:25px;\r\n}\r\n\r\n.bgm-spec-box{\r\nbackground:#ffffff;\r\nborder-radius:10px;\r\npadding:25px;\r\nbox-shadow:0 10px 30px rgba(0,0,0,0.08);\r\nborder-left:4px solid #0f5c66;\r\n}\r\n\r\n.bgm-spec-box h4{\r\nmargin:0 0 15px 0;\r\nfont-size:18px;\r\ncolor:#0f5c66;\r\n}\r\n\r\n.bgm-spec-box ul{\r\nlist-style:none;\r\npadding:0;\r\nmargin:0;\r\n}\r\n\r\n.bgm-spec-box li{\r\npadding:8px 0;\r\nborder-bottom:1px solid #f1f1f1;\r\nfont-size:15px;\r\ncolor:#374151;\r\ndisplay:flex;\r\njustify-content:space-between;\r\ngap:15px;\r\n}\r\n\r\n.bgm-spec-box li span{\r\nfont-weight:600;\r\ncolor:#111827;\r\ntext-align:right;\r\n}\r\n\r\n.bgm-spec-box li:last-child{\r\nborder:none;\r\n}\r\n\r\n@media(max-width:768px){\r\n\r\n.bgm-spec-grid{\r\ngrid-template-columns:1fr;\r\n}\r\n\r\n.bgm-spec-title{\r\nfont-size:22px;\r\n}\r\n\r\n.bgm-spec-box li{\r\nflex-direction:column;\r\nalign-items:flex-start;\r\n}\r\n\r\n.bgm-spec-box li span{\r\ntext-align:left;\r\n}\r\n\r\n}\r\n\r\n<\/style>\r\n\r\n<div class=\"bgm-spec-section\">\r\n\r\n<div class=\"bgm-spec-title\">\r\nK\u00fc\u00e7\u00fck Asans\u00f6rl\u00fc Amonyakl\u0131 Tav F\u0131r\u0131n Teknik \u00d6zellikleri\r\n<\/div>\r\n\r\n<div class=\"bgm-spec-grid\">\r\n\r\n<div class=\"bgm-spec-box\">\r\n<h4>Model Bilgileri<\/h4>\r\n<ul>\r\n<li>Model <span>K\u00fc\u00e7\u00fck Asans\u00f6rl\u00fc Tav F\u0131r\u0131n<\/span><\/li>\r\n<li>Sistem Tipi <span>Asans\u00f6rl\u00fc<\/span><\/li>\r\n<li>Net A\u011f\u0131rl\u0131k <span>400 KG<\/span><\/li>\r\n<\/ul>\r\n<\/div>\r\n\r\n<div class=\"bgm-spec-box\">\r\n<h4>Elektrik \u00d6zellikleri<\/h4>\r\n<ul>\r\n<li>Elektrik Kullan\u0131m\u0131 <span>380 Volt \/ 50 Hz<\/span><\/li>\r\n<li>Elektrik G\u00fcc\u00fc <span>10.5 kW<\/span><\/li>\r\n<li>F\u0131r\u0131n G\u00fcc\u00fc <span>7.5 kW<\/span><\/li>\r\n<\/ul>\r\n<\/div>\r\n\r\n<div class=\"bgm-spec-box\">\r\n<h4>Bas\u0131n\u00e7 ve \u00c7al\u0131\u015fma Sistemi<\/h4>\r\n<ul>\r\n<li>Kullan\u0131lan Hava Bas\u0131nc\u0131 <span>Min. 6 Bar<\/span><\/li>\r\n<li>Amonyak Ayr\u0131\u015ft\u0131r\u0131c\u0131 <span>3 kW<\/span><\/li>\r\n<\/ul>\r\n<\/div>\r\n\r\n<div class=\"bgm-spec-box\">\r\n<h4>Is\u0131 ve Hacim Bilgileri<\/h4>\r\n<ul>\r\n<li>F\u0131r\u0131n Hacmi (Cehennem) <span>120 \/ 200 mm<\/span><\/li>\r\n<li>F\u0131r\u0131n S\u0131cakl\u0131\u011f\u0131 <span>950 \u00b0C<\/span><\/li>\r\n<li>Amonyak S\u0131cakl\u0131\u011f\u0131 <span>850 \u00b0C<\/span><\/li>\r\n<\/ul>\r\n<\/div>\r\n\r\n<\/div>\r\n<\/div>\t\t\t\t<\/div>\n\t\t\t\t<\/div>\n\t\t\t\t\t<\/div>\n\t\t\t\t<\/div>\n\t\t<div class=\"elementor-element elementor-element-2baed7a e-flex e-con-boxed e-con e-parent\" data-id=\"2baed7a\" data-element_type=\"container\" data-settings=\"{&quot;background_background&quot;:&quot;classic&quot;}\">\n\t\t\t\t\t<div class=\"e-con-inner\">\n\t\t\t\t<div class=\"elementor-element elementor-element-7b33a7d elementor-widget elementor-widget-image\" data-id=\"7b33a7d\" data-element_type=\"widget\" data-widget_type=\"image.default\">\n\t\t\t\t<div class=\"elementor-widget-container\">\n\t\t\t\t\t\t\t\t\t\t\t\t\t\t\t<img decoding=\"async\" width=\"600\" height=\"300\" src=\"https:\/\/capslockdijital.site\/bgmmakine\/wp-content\/uploads\/2026\/03\/bgm-makine-beyaz.png\" class=\"attachment-large size-large wp-image-14986\" alt=\"\" srcset=\"https:\/\/capslockdijital.site\/bgmmakine\/wp-content\/uploads\/2026\/03\/bgm-makine-beyaz.png 600w, https:\/\/capslockdijital.site\/bgmmakine\/wp-content\/uploads\/2026\/03\/bgm-makine-beyaz-300x150.png 300w\" sizes=\"(max-width: 600px) 100vw, 600px\" \/>\t\t\t\t\t\t\t\t\t\t\t\t\t\t\t<\/div>\n\t\t\t\t<\/div>\n\t\t\t\t<div class=\"elementor-element elementor-element-348eaf5 elementor-widget elementor-widget-rs-dual-heading\" data-id=\"348eaf5\" data-element_type=\"widget\" data-widget_type=\"rs-dual-heading.default\">\n\t\t\t\t<div class=\"elementor-widget-container\">\n\t\t\t\t\t        <div class=\"rs-dual-heading style9 center\">\r\n        \t<div class=\"title-inner\">\r\n        \t\t      \t\t\r\n\t            <h2 class=\"title\">Sorular\u0131n\u0131z \u0130\u00e7in Her Zaman Yan\u0131n\u0131zday\u0131z<\/h2><div class=\"title-img bottom-img\"><img decoding=\"async\" src=\"\" \/><\/div>\t        <\/div>\r\n\t                <\/div>\r\n        \t\t\t\t<\/div>\n\t\t\t\t<\/div>\n\t\t\t\t<div class=\"elementor-element elementor-element-841a426 elementor-widget elementor-widget-rs-heading\" data-id=\"841a426\" data-element_type=\"widget\" data-widget_type=\"rs-heading.default\">\n\t\t\t\t<div class=\"elementor-widget-container\">\n\t\t\t\t\t        <div class=\"rs-heading default center \">\r\n        \t<div class=\"title-inner\">\r\n        \t\t      \t\t\r\n\t            \t        <\/div>\r\n\t                    \t<div class=\"description\">\r\n            \t\t<div class=\"flex flex-col text-sm pb-25\"><section class=\"text-token-text-primary w-full focus:outline-none [--shadow-height:45px] has-data-writing-block:pointer-events-none has-data-writing-block:-mt-(--shadow-height) has-data-writing-block:pt-(--shadow-height) [&amp;:has([data-writing-block])&gt;*]:pointer-events-auto scroll-mt-[calc(var(--header-height)+min(200px,max(70px,20svh)))]\" dir=\"auto\" data-turn-id=\"request-WEB:a098e1f4-485f-45c4-89e5-9cc29a2dc11e-18\" data-testid=\"conversation-turn-32\" data-scroll-anchor=\"true\" data-turn=\"assistant\"><div class=\"text-base my-auto mx-auto pb-10 [--thread-content-margin:var(--thread-content-margin-xs,calc(var(--spacing)*4))] @w-sm\/main:[--thread-content-margin:var(--thread-content-margin-sm,calc(var(--spacing)*6))] @w-lg\/main:[--thread-content-margin:var(--thread-content-margin-lg,calc(var(--spacing)*16))] px-(--thread-content-margin)\"><div class=\"[--thread-content-max-width:40rem] @w-lg\/main:[--thread-content-max-width:48rem] mx-auto max-w-(--thread-content-max-width) flex-1 group\/turn-messages focus-visible:outline-hidden relative flex w-full min-w-0 flex-col agent-turn\"><div class=\"flex max-w-full flex-col gap-4 grow\"><div class=\"min-h-8 text-message relative flex w-full flex-col items-end gap-2 text-start break-words whitespace-normal outline-none keyboard-focused:focus-ring [.text-message+&amp;]:mt-1\" dir=\"auto\" data-message-author-role=\"assistant\" data-message-id=\"8bcf6ca7-41d2-4044-a763-675462cf80a6\" data-message-model-slug=\"gpt-5-3\" data-turn-start-message=\"true\"><div class=\"flex w-full flex-col gap-1 empty:hidden\"><div class=\"markdown prose dark:prose-invert w-full wrap-break-word dark markdown-new-styling\"><p data-start=\"64\" data-end=\"389\" data-is-last-node=\"\" data-is-only-node=\"\">\u00dcr\u00fcnlerimiz, teknik \u00f6zellikler veya projelerinize \u00f6zel \u00e7\u00f6z\u00fcmler hakk\u0131nda detayl\u0131 bilgi almak i\u00e7in bizimle ileti\u015fime ge\u00e7ebilirsiniz. Uzman ekibimiz, ihtiya\u00e7lar\u0131n\u0131za en uygun m\u00fchendislik \u00e7\u00f6z\u00fcmlerini sunmak ve t\u00fcm sorular\u0131n\u0131z\u0131 yan\u0131tlamak i\u00e7in size h\u0131zl\u0131 ve g\u00fcvenilir destek sa\u011flamaktan memnuniyet duyacakt\u0131r.<\/p><\/div><\/div><\/div><\/div><\/div><\/div><\/section><\/div>            \t\t\r\n            \t<\/div>\r\n        \t        <\/div>\r\n\r\n        \t\t\t\t<\/div>\n\t\t\t\t<\/div>\n\t\t\t\t<div class=\"elementor-element elementor-element-6f4abed elementor-widget elementor-widget-rs-button\" data-id=\"6f4abed\" data-element_type=\"widget\" data-widget_type=\"rs-button.default\">\n\t\t\t\t<div class=\"elementor-widget-container\">\n\t\t\t\t\t\t\r\n\t\t\r\n\t\t<div class=\"rs-btn\">\r\n\t\t\t\t\t\t<a class=\"readon rs_button\" href=\"https:\/\/capslockdijital.site\/bgmmakine\/iletisim\/\" >\t\t\t\t\r\n\t\t\t\t<span class=\"btn_text\">Bizimle \u0130leti\u015fime Ge\u00e7in<\/span>\r\n\t\t\t\t\t\t\t\t\t<i class=\"fa fa fa-angle-right\"><\/i>\r\n\t\t\t\t\t\t\t<\/a>\r\n\t\t<\/div>    \r\n\t\t\t\t\t<\/div>\n\t\t\t\t<\/div>\n\t\t\t\t\t<\/div>\n\t\t\t\t<\/div>\n\t\t\t\t<\/div>\n\t\t","protected":false},"excerpt":{"rendered":"<p>Asans\u00f6rl\u00fc Sistem ile G\u00fcvenli ve Verimli Tavlama Amonyakl\u0131 Tav F\u0131r\u0131n Asans\u00f6rl\u00fc Model, kuyumculuk sekt\u00f6r\u00fcnde metallerin kontroll\u00fc ve homojen \u015fekilde tavlanmas\u0131n\u0131 sa\u011flayarak \u00fcretim s\u00fcre\u00e7lerinde y\u00fcksek verimlilik sunar. Asans\u00f6rl\u00fc mekanizmas\u0131 sayesinde y\u00fckleme ve bo\u015faltma i\u015flemleri daha g\u00fcvenli ve ergonomik hale gelirken, amonyak destekli sistem metal y\u00fczeyinde oksitlenmeyi azaltarak daha kaliteli sonu\u00e7lar elde edilmesine yard\u0131mc\u0131 olur. Hemen Bize&#8230;<\/p>\n","protected":false},"author":1,"featured_media":0,"parent":0,"menu_order":0,"comment_status":"closed","ping_status":"closed","template":"","meta":{"footnotes":""},"_links":{"self":[{"href":"https:\/\/capslockdijital.site\/bgmmakine\/wp-json\/wp\/v2\/pages\/15193"}],"collection":[{"href":"https:\/\/capslockdijital.site\/bgmmakine\/wp-json\/wp\/v2\/pages"}],"about":[{"href":"https:\/\/capslockdijital.site\/bgmmakine\/wp-json\/wp\/v2\/types\/page"}],"author":[{"embeddable":true,"href":"https:\/\/capslockdijital.site\/bgmmakine\/wp-json\/wp\/v2\/users\/1"}],"replies":[{"embeddable":true,"href":"https:\/\/capslockdijital.site\/bgmmakine\/wp-json\/wp\/v2\/comments?post=15193"}],"version-history":[{"count":4,"href":"https:\/\/capslockdijital.site\/bgmmakine\/wp-json\/wp\/v2\/pages\/15193\/revisions"}],"predecessor-version":[{"id":15199,"href":"https:\/\/capslockdijital.site\/bgmmakine\/wp-json\/wp\/v2\/pages\/15193\/revisions\/15199"}],"wp:attachment":[{"href":"https:\/\/capslockdijital.site\/bgmmakine\/wp-json\/wp\/v2\/media?parent=15193"}],"curies":[{"name":"wp","href":"https:\/\/api.w.org\/{rel}","templated":true}]}}