{"id":40571,"date":"2025-12-22T08:35:02","date_gmt":"2025-12-22T08:35:02","guid":{"rendered":"https:\/\/capslockdijital.site\/eacmesa\/?page_id=40571"},"modified":"2026-01-05T08:31:10","modified_gmt":"2026-01-05T08:31:10","slug":"eac-deklarasyonu","status":"publish","type":"page","link":"https:\/\/capslockdijital.site\/eacmesa\/eac-deklarasyonu\/","title":{"rendered":"EAC Deklarasyonu"},"content":{"rendered":"\t\t<div data-elementor-type=\"wp-page\" data-elementor-id=\"40571\" class=\"elementor elementor-40571\">\n\t\t\t\t\t\t<section class=\"elementor-section elementor-top-section elementor-element elementor-element-8952a61 elementor-section-boxed elementor-section-height-default elementor-section-height-default\" data-id=\"8952a61\" data-element_type=\"section\" data-e-type=\"section\">\n\t\t\t\t\t\t<div class=\"elementor-container elementor-column-gap-default\">\n\t\t\t\t\t<div class=\"elementor-column elementor-col-50 elementor-top-column elementor-element elementor-element-39c63b8\" data-id=\"39c63b8\" data-element_type=\"column\" data-e-type=\"column\">\n\t\t\t<div class=\"elementor-widget-wrap elementor-element-populated\">\n\t\t\t\t\t\t<div class=\"elementor-element elementor-element-115ecd4 elementor-widget elementor-widget-creote-title-v1\" data-id=\"115ecd4\" data-element_type=\"widget\" data-e-type=\"widget\" data-widget_type=\"creote-title-v1.default\">\n\t\t\t\t<div class=\"elementor-widget-container\">\n\t\t\t\t\t<div class=\"title_all_box style_one dark_color\">\r\n            <!-- Default title style -->\r\n        <div class=\"title_sections left\">\r\n                                        <div class=\"title\">\r\n                    EAC Uygunluk Deklarasyonu ile Rusya ve AEB Pazar\u0131na H\u0131zl\u0131 Giri\u015f                <\/div>\r\n                                <\/div>\r\n        <!-- End of default title style -->\r\n\r\n    <\/div>\r\n\t\t\t\t<\/div>\n\t\t\t\t<\/div>\n\t\t\t\t<div class=\"elementor-element elementor-element-b48dc47 elementor-widget elementor-widget-creote-description-v1\" data-id=\"b48dc47\" data-element_type=\"widget\" data-e-type=\"widget\" data-widget_type=\"creote-description-v1.default\">\n\t\t\t\t<div class=\"elementor-widget-container\">\n\t\t\t\t\t<div class=\"description_box\" >  <p>EAC Uygunluk Deklarasyonu, Avrasya Ekonomik Birli\u011fi (AEB) \u00fclkelerinde \u00fcr\u00fcnlerin yasal olarak sat\u0131\u015fa sunulabilmesi i\u00e7in d\u00fczenlenen resm\u00ee uygunluk beyan\u0131d\u0131r. \u00dcretici ile AEB akrediteli uzman taraf\u0131ndan birlikte imzalan\u0131r ve \u00fcr\u00fcn\u00fcn ilgili teknik reg\u00fclasyonlara uygun oldu\u011funu beyan eder. \u00d6zellikle Rusya pazar\u0131na giri\u015fte en h\u0131zl\u0131 ve en pratik \u00e7\u00f6z\u00fcmlerden biridir.\n<br> <br>\nBu belge; tekstil, ambalaj, ev \u00fcr\u00fcnleri, k\u00fc\u00e7\u00fck elektrikli cihazlar, k\u0131rtasiye ve benzeri bir\u00e7ok \u00fcr\u00fcn grubu i\u00e7in ge\u00e7erlidir. Minimum evrak gereksinimi ve d\u00fc\u015f\u00fck maliyeti sayesinde firmalara zaman ve b\u00fct\u00e7e avantaj\u0131 sa\u011flar. S\u00fcre\u00e7, do\u011fru \u015fekilde y\u00fcr\u00fct\u00fcld\u00fc\u011f\u00fcnde 24 saat gibi k\u0131sa bir s\u00fcrede tamamlanabilir ve belge AEB resm\u00ee kay\u0131t sistemine i\u015flenir.<\/p> <\/div>\r\n\t\t\t\t<\/div>\n\t\t\t\t<\/div>\n\t\t\t\t<div class=\"elementor-element elementor-element-39c8ac0 elementor-widget elementor-widget-creote-themebtns-v1\" data-id=\"39c8ac0\" data-element_type=\"widget\" data-e-type=\"widget\" data-widget_type=\"creote-themebtns-v1.default\">\n\t\t\t\t<div class=\"elementor-widget-container\">\n\t\t\t\t\t<div class=\"theme_btn_all color_one\">  <a href=\"https:\/\/capslockdijital.site\/eacmesa\/teklif-al\"  target=&quot;_blank&quot;  rel=&quot;nofollow&quot; class=\"theme-btn one\"> Hemen Teklif Al\u0131n <\/a> <\/div>\r\n\t\t\t\t<\/div>\n\t\t\t\t<\/div>\n\t\t\t\t\t<\/div>\n\t\t<\/div>\n\t\t\t\t<div class=\"elementor-column elementor-col-50 elementor-top-column elementor-element elementor-element-d51e1c9\" data-id=\"d51e1c9\" data-element_type=\"column\" data-e-type=\"column\">\n\t\t\t<div class=\"elementor-widget-wrap elementor-element-populated\">\n\t\t\t\t\t\t<div class=\"elementor-element elementor-element-1df94be elementor-widget elementor-widget-creote-image-box-v1\" data-id=\"1df94be\" data-element_type=\"widget\" data-e-type=\"widget\" data-widget_type=\"creote-image-box-v1.default\">\n\t\t\t\t<div class=\"elementor-widget-container\">\n\t\t\t\t\t<div class=\"image_boxes style_two\" >  <img decoding=\"async\" src=\"https:\/\/capslockdijital.site\/eacmesa\/wp-content\/plugins\/creote-addons\/\/assets\/images\/shape-1.png\" class=\"background_image\" alt=\"image\" \/>   <div class=\"image one\"> <img decoding=\"async\" src=\"https:\/\/capslockdijital.site\/eacmesa\/wp-content\/uploads\/2025\/12\/mesa-hizmet-detaylari-7.webp\" class=\"img-fluid\" alt=\"image\" \/> <\/div>   <div class=\"image two\"> <img decoding=\"async\" src=\"https:\/\/capslockdijital.site\/eacmesa\/wp-content\/uploads\/2025\/12\/mesa-hizmet-detaylari-3.webp\" class=\"img\" alt=\"image\" \/>  <\/div>  <\/div> \r\n\t\t\t\t<\/div>\n\t\t\t\t<\/div>\n\t\t\t\t\t<\/div>\n\t\t<\/div>\n\t\t\t\t\t<\/div>\n\t\t<\/section>\n\t\t\t\t<section class=\"elementor-section elementor-top-section elementor-element elementor-element-e333eba elementor-section-full_width elementor-section-height-default elementor-section-height-default\" data-id=\"e333eba\" data-element_type=\"section\" data-e-type=\"section\">\n\t\t\t\t\t\t<div class=\"elementor-container elementor-column-gap-default\">\n\t\t\t\t\t<div class=\"elementor-column elementor-col-100 elementor-top-column elementor-element elementor-element-c514db3\" data-id=\"c514db3\" data-element_type=\"column\" data-e-type=\"column\">\n\t\t\t<div class=\"elementor-widget-wrap elementor-element-populated\">\n\t\t\t\t\t\t<div class=\"elementor-element elementor-element-831d154 elementor-widget elementor-widget-creote-shape-box-v1\" data-id=\"831d154\" data-element_type=\"widget\" data-e-type=\"widget\" data-widget_type=\"creote-shape-box-v1.default\">\n\t\t\t\t<div class=\"elementor-widget-container\">\n\t\t\t\t\t<div class=\"shape_one move_allside\">\r\n   <img decoding=\"async\" src=\"https:\/\/themepanthers.com\/wp\/creote\/v-new\/wp-content\/uploads\/2021\/10\/shape-top-left.png\"  alt=\"image\" \/>\r\n<\/div>\r\n\t\t\t\t<\/div>\n\t\t\t\t<\/div>\n\t\t\t\t<div class=\"elementor-element elementor-element-3080f8e elementor-widget elementor-widget-creote-shape-box-v1\" data-id=\"3080f8e\" data-element_type=\"widget\" data-e-type=\"widget\" data-widget_type=\"creote-shape-box-v1.default\">\n\t\t\t\t<div class=\"elementor-widget-container\">\n\t\t\t\t\t<div class=\"shape_one move_allside\">\r\n   <img decoding=\"async\" src=\"https:\/\/themepanthers.com\/wp\/creote\/v-new\/wp-content\/uploads\/2021\/10\/shape-top.png\"  alt=\"image\" \/>\r\n<\/div>\r\n\t\t\t\t<\/div>\n\t\t\t\t<\/div>\n\t\t\t\t\t<\/div>\n\t\t<\/div>\n\t\t\t\t\t<\/div>\n\t\t<\/section>\n\t\t\t\t<section class=\"elementor-section elementor-top-section elementor-element elementor-element-19cf515 elementor-section-boxed elementor-section-height-default elementor-section-height-default\" data-id=\"19cf515\" data-element_type=\"section\" data-e-type=\"section\" data-settings=\"{&quot;background_background&quot;:&quot;classic&quot;}\">\n\t\t\t\t\t\t<div class=\"elementor-container elementor-column-gap-no\">\n\t\t\t\t\t<div class=\"elementor-column elementor-col-100 elementor-top-column elementor-element elementor-element-f27d61b\" data-id=\"f27d61b\" data-element_type=\"column\" data-e-type=\"column\">\n\t\t\t<div class=\"elementor-widget-wrap elementor-element-populated\">\n\t\t\t\t\t\t<div class=\"elementor-element elementor-element-8d4fee5 elementor-widget elementor-widget-creote-title-v1\" data-id=\"8d4fee5\" data-element_type=\"widget\" data-e-type=\"widget\" data-widget_type=\"creote-title-v1.default\">\n\t\t\t\t<div class=\"elementor-widget-container\">\n\t\t\t\t\t<div class=\"title_all_box style_one dark_color\">\r\n            <!-- Default title style -->\r\n        <div class=\"title_sections center\">\r\n                                        <div class=\"title\">\r\n                    Neden Gereklidir?                <\/div>\r\n                                <\/div>\r\n        <!-- End of default title style -->\r\n\r\n    <\/div>\r\n\t\t\t\t<\/div>\n\t\t\t\t<\/div>\n\t\t\t\t<section class=\"elementor-section elementor-inner-section elementor-element elementor-element-77cab35 elementor-section-full_width elementor-section-height-default elementor-section-height-default\" data-id=\"77cab35\" data-element_type=\"section\" data-e-type=\"section\">\n\t\t\t\t\t\t<div class=\"elementor-container elementor-column-gap-default\">\n\t\t\t\t\t<div class=\"elementor-column elementor-col-25 elementor-inner-column elementor-element elementor-element-c1b60e7\" data-id=\"c1b60e7\" data-element_type=\"column\" data-e-type=\"column\">\n\t\t\t<div class=\"elementor-widget-wrap elementor-element-populated\">\n\t\t\t\t\t\t<div class=\"elementor-element elementor-element-10ad009 elementor-widget elementor-widget-creote-service-box-v1\" data-id=\"10ad009\" data-element_type=\"widget\" data-e-type=\"widget\" data-widget_type=\"creote-service-box-v1.default\">\n\t\t\t\t<div class=\"elementor-widget-container\">\n\t\t\t\t\t \r\n   <div class=\"service_box style_three dark_color\"\r\n            data-aos=\"fade-up\" data-aos-delay=\"0\" data-aos-offset=\"0\"\r\n    >\r\n            <div class=\"service_content\">\r\n            <div class=\"content_inner\">\r\n                                    <span class=\" icon-dollar\"><i><\/i><\/span>\r\n                                                    <small class=\"nom\">01<\/small>\r\n                                                  <h2 class=\"serheading\">\r\n                        <a href=\"\"  >\r\n                            Yasal Sat\u0131\u015f Yetkisi                        <\/a>\r\n                    <\/h2>\r\n                                                    <p>EAC Uygunluk Deklarasyonu, \u00fcr\u00fcnlerinizin Rusya ve AEB \u00fclkelerinde g\u00fcmr\u00fckten ge\u00e7mesini ve yasal olarak sat\u0131\u015fa sunulmas\u0131n\u0131 sa\u011flar.<\/p>\r\n                                            <\/div>\r\n        <\/div>\r\n\r\n    <\/div>\r\n\r\n   \t\t\t\t<\/div>\n\t\t\t\t<\/div>\n\t\t\t\t\t<\/div>\n\t\t<\/div>\n\t\t\t\t<div class=\"elementor-column elementor-col-25 elementor-inner-column elementor-element elementor-element-deb4871\" data-id=\"deb4871\" data-element_type=\"column\" data-e-type=\"column\">\n\t\t\t<div class=\"elementor-widget-wrap elementor-element-populated\">\n\t\t\t\t\t\t<div class=\"elementor-element elementor-element-57c825f elementor-widget elementor-widget-creote-service-box-v1\" data-id=\"57c825f\" data-element_type=\"widget\" data-e-type=\"widget\" data-widget_type=\"creote-service-box-v1.default\">\n\t\t\t\t<div class=\"elementor-widget-container\">\n\t\t\t\t\t \r\n   <div class=\"service_box style_three dark_color\"\r\n            data-aos=\"fade-up\" data-aos-delay=\"100\" data-aos-offset=\"0\"\r\n    >\r\n            <div class=\"service_content\">\r\n            <div class=\"content_inner\">\r\n                                    <span class=\" icon-pharmacy\"><i><\/i><\/span>\r\n                                                    <small class=\"nom\">02<\/small>\r\n                                                  <h2 class=\"serheading\">\r\n                        <a href=\"\"  >\r\n                            G\u00fcmr\u00fck S\u00fcre\u00e7lerinde Sorunsuzluk\n                        <\/a>\r\n                    <\/h2>\r\n                                                    <p>Belgeye sahip olmayan \u00fcr\u00fcnler g\u00fcmr\u00fckte bekletilir veya geri \u00e7evrilir. EAC deklarasyonu, bu riskleri ortadan kald\u0131r\u0131r.<\/p>\r\n                                            <\/div>\r\n        <\/div>\r\n\r\n    <\/div>\r\n\r\n   \t\t\t\t<\/div>\n\t\t\t\t<\/div>\n\t\t\t\t\t<\/div>\n\t\t<\/div>\n\t\t\t\t<div class=\"elementor-column elementor-col-25 elementor-inner-column elementor-element elementor-element-4482966\" data-id=\"4482966\" data-element_type=\"column\" data-e-type=\"column\">\n\t\t\t<div class=\"elementor-widget-wrap elementor-element-populated\">\n\t\t\t\t\t\t<div class=\"elementor-element elementor-element-ae95a08 elementor-widget elementor-widget-creote-service-box-v1\" data-id=\"ae95a08\" data-element_type=\"widget\" data-e-type=\"widget\" data-widget_type=\"creote-service-box-v1.default\">\n\t\t\t\t<div class=\"elementor-widget-container\">\n\t\t\t\t\t \r\n   <div class=\"service_box style_three dark_color\"\r\n            data-aos=\"fade-up\" data-aos-delay=\"200\" data-aos-offset=\"0\"\r\n    >\r\n            <div class=\"service_content\">\r\n            <div class=\"content_inner\">\r\n                                    <span class=\" icon-service\"><i><\/i><\/span>\r\n                                                    <small class=\"nom\">03<\/small>\r\n                                                  <h2 class=\"serheading\">\r\n                        <a href=\"\"  >\r\n                            Devlet Kay\u0131t Sistemine D\u00e2hil Olma\n                        <\/a>\r\n                    <\/h2>\r\n                                                    <p>Haz\u0131rlanan deklarasyon, AEB devlet sistemlerine kaydedilir ve resm\u00ee olarak sorgulanabilir h\u00e2le gelir.<\/p>\r\n                                            <\/div>\r\n        <\/div>\r\n\r\n    <\/div>\r\n\r\n   \t\t\t\t<\/div>\n\t\t\t\t<\/div>\n\t\t\t\t\t<\/div>\n\t\t<\/div>\n\t\t\t\t<div class=\"elementor-column elementor-col-25 elementor-inner-column elementor-element elementor-element-848fa06\" data-id=\"848fa06\" data-element_type=\"column\" data-e-type=\"column\">\n\t\t\t<div class=\"elementor-widget-wrap elementor-element-populated\">\n\t\t\t\t\t\t<div class=\"elementor-element elementor-element-3c1ba57 elementor-widget elementor-widget-creote-service-box-v1\" data-id=\"3c1ba57\" data-element_type=\"widget\" data-e-type=\"widget\" data-widget_type=\"creote-service-box-v1.default\">\n\t\t\t\t<div class=\"elementor-widget-container\">\n\t\t\t\t\t \r\n   <div class=\"service_box style_three dark_color\"\r\n            data-aos=\"fade-up\" data-aos-delay=\"300\" data-aos-offset=\"0\"\r\n    >\r\n            <div class=\"service_content\">\r\n            <div class=\"content_inner\">\r\n                                    <span class=\" icon-dollar\"><i><\/i><\/span>\r\n                                                    <small class=\"nom\">04<\/small>\r\n                                                  <h2 class=\"serheading\">\r\n                        <a href=\"\"  >\r\n                            Ticari G\u00fcven ve Pazar Kabul\u00fc\n                        <\/a>\r\n                    <\/h2>\r\n                                                    <p>Distrib\u00fct\u00f6rler, ithalat\u00e7\u0131lar ve b\u00fcy\u00fck al\u0131c\u0131lar i\u00e7in EAC belgesi, \u00fcr\u00fcn\u00fcn g\u00fcvenilirli\u011fini ve mevzuata uygunlu\u011funu g\u00f6sterir.<\/p>\r\n                                            <\/div>\r\n        <\/div>\r\n\r\n    <\/div>\r\n\r\n   \t\t\t\t<\/div>\n\t\t\t\t<\/div>\n\t\t\t\t\t<\/div>\n\t\t<\/div>\n\t\t\t\t\t<\/div>\n\t\t<\/section>\n\t\t\t\t\t<\/div>\n\t\t<\/div>\n\t\t\t\t\t<\/div>\n\t\t<\/section>\n\t\t<div class=\"elementor-element elementor-element-06ed6d9 e-flex e-con-boxed e-con e-parent\" data-id=\"06ed6d9\" data-element_type=\"container\" data-e-type=\"container\">\n\t\t\t\t\t<div class=\"e-con-inner\">\n\t\t\t\t<div class=\"elementor-element elementor-element-d7ba31f elementor-widget elementor-widget-html\" data-id=\"d7ba31f\" data-element_type=\"widget\" data-e-type=\"widget\" data-widget_type=\"html.default\">\n\t\t\t\t\t<style>\r\n\/* =========================\r\n   NEDEN BEN\u0130MLE \u2013 LIGHT MODE\r\n   ========================= *\/\r\n\r\n.mesa-why {\r\n  background: linear-gradient(135deg, #f6f7fb, #ffffff);\r\n  padding: 60px 32px;\r\n  border-radius: 24px;\r\n  max-width: 1100px;\r\n  margin: 50px auto;\r\n}\r\n\r\n.mesa-why h2 {\r\n  text-align: center;\r\n  font-size: 28px;\r\n  margin-bottom: 40px;\r\n  font-weight: 700;\r\n  color: #121736;\r\n}\r\n\r\n.mesa-why-grid {\r\n  display: grid;\r\n  grid-template-columns: repeat(4, 1fr);\r\n  gap: 24px;\r\n}\r\n\r\n.mesa-why-item {\r\n  background: #ffffff;\r\n  padding: 26px 22px;\r\n  border-radius: 18px;\r\n  border: 1px solid #e8eaf3;\r\n  transition: transform 0.3s ease, box-shadow 0.3s ease;\r\n}\r\n\r\n.mesa-why-item:hover {\r\n  transform: translateY(-4px);\r\n  box-shadow: 0 12px 30px rgba(18, 23, 54, 0.12);\r\n}\r\n\r\n.mesa-why-icon {\r\n  width: 46px;\r\n  height: 46px;\r\n  border-radius: 14px;\r\n  background: #dcbd5e;\r\n  color: #121736;\r\n  display: flex;\r\n  align-items: center;\r\n  justify-content: center;\r\n  font-size: 20px;\r\n  font-weight: bold;\r\n  margin-bottom: 16px;\r\n}\r\n\r\n.mesa-why-item h3 {\r\n  font-size: 16px;\r\n  margin-bottom: 10px;\r\n  color: #121736;\r\n}\r\n\r\n.mesa-why-item p {\r\n  font-size: 14px;\r\n  line-height: 1.65;\r\n  color: #4b5563;\r\n}\r\n\r\n\/* TABLET *\/\r\n@media (max-width: 900px) {\r\n  .mesa-why-grid {\r\n    grid-template-columns: repeat(2, 1fr);\r\n  }\r\n}\r\n\r\n\/* MOB\u0130L *\/\r\n@media (max-width: 560px) {\r\n  .mesa-why {\r\n    padding: 40px 20px;\r\n    margin: 40px 14px;\r\n  }\r\n\r\n  .mesa-why-grid {\r\n    grid-template-columns: 1fr;\r\n    gap: 18px;\r\n  }\r\n\r\n  .mesa-why h2 {\r\n    font-size: 24px;\r\n    margin-bottom: 28px;\r\n  }\r\n}\r\n<\/style>\r\n\r\n<section class=\"mesa-why\">\r\n  <h2>Neden Benimle?<\/h2>\r\n\r\n  <div class=\"mesa-why-grid\">\r\n\r\n    <div class=\"mesa-why-item\">\r\n      <div class=\"mesa-why-icon\">\u2713<\/div>\r\n      <h3>AEB Akrediteli Uzmanl\u0131k<\/h3>\r\n      <p>\r\n        EAC Uygunluk Deklarasyonlar\u0131, AEB taraf\u0131ndan yetkilendirilmi\u015f\r\n        akrediteli uzman \u00fczerinden do\u011frudan d\u00fczenlenir.\r\n      <\/p>\r\n    <\/div>\r\n\r\n    <div class=\"mesa-why-item\">\r\n      <div class=\"mesa-why-icon\">\u2713<\/div>\r\n      <h3>24 Saatten Ba\u015flayan S\u00fcreler<\/h3>\r\n      <p>\r\n        Do\u011fru \u00fcr\u00fcn gruplar\u0131nda, s\u00fcre\u00e7 h\u0131zl\u0131 \u015fekilde ilerletilir\r\n        ve belge en k\u0131sa s\u00fcrede haz\u0131r h\u00e2le getirilir.\r\n      <\/p>\r\n    <\/div>\r\n\r\n    <div class=\"mesa-why-item\">\r\n      <div class=\"mesa-why-icon\">\u2713<\/div>\r\n      <h3>Devlet Kay\u0131tl\u0131 ve Sorgulanabilir<\/h3>\r\n      <p>\r\n        D\u00fczenlenen deklarasyonlar AEB devlet sistemlerine kaydedilir\r\n        ve resm\u00ee olarak do\u011frulanabilir niteliktedir.\r\n      <\/p>\r\n    <\/div>\r\n\r\n    <div class=\"mesa-why-item\">\r\n      <div class=\"mesa-why-icon\">\u2713<\/div>\r\n      <h3>Arac\u0131s\u0131z ve Net Maliyet<\/h3>\r\n      <p>\r\n        S\u00fcre\u00e7 do\u011frudan y\u00fcr\u00fct\u00fcl\u00fcr. Gizli \u00fccretler veya\r\n        sonradan \u00e7\u0131kan maliyetlerle kar\u015f\u0131la\u015f\u0131lmaz.\r\n      <\/p>\r\n    <\/div>\r\n\r\n  <\/div>\r\n\r\n  <style>\r\n  \/* CTA *\/\r\n\r\n  .mesa-why-cta {\r\n    margin-top: 48px;\r\n    display: flex;\r\n    justify-content: center;\r\n    gap: 18px;\r\n    flex-wrap: wrap;\r\n  }\r\n\r\n  .mesa-why-btn {\r\n    display: inline-flex;\r\n    align-items: center;\r\n    gap: 10px;\r\n    padding: 14px 28px;\r\n    font-size: 15px;\r\n    font-weight: 600;\r\n    border-radius: 999px;\r\n    text-decoration: none;\r\n    transition: all 0.3s ease;\r\n    box-shadow: 0 10px 24px rgba(18, 23, 54, 0.15);\r\n  }\r\n\r\n  .mesa-why-btn.call {\r\n    background: #121736;\r\n    color: #ffffff;\r\n  }\r\n\r\n  .mesa-why-btn.call:hover {\r\n    background: #1c234d;\r\n    transform: translateY(-2px);\r\n  }\r\n\r\n  .mesa-why-btn.offer {\r\n    background: #dcbd5e;\r\n    color: #121736;\r\n  }\r\n\r\n  .mesa-why-btn.offer:hover {\r\n    background: #d4b44f;\r\n    transform: translateY(-2px);\r\n  }\r\n\r\n  @media (max-width: 560px) {\r\n    .mesa-why-btn {\r\n      width: 100%;\r\n      justify-content: center;\r\n      font-size: 14px;\r\n    }\r\n  }\r\n  <\/style>\r\n\r\n  <div class=\"mesa-why-cta\">\r\n    <a href=\"tel:+905447925710\" class=\"mesa-why-btn call\">\r\n      \ud83d\udcde Hemen Ara\r\n    <\/a>\r\n    <a href=\"https:\/\/capslockdijital.site\/eacmesa\/teklif-al\" class=\"mesa-why-btn offer\">\r\n      \ud83d\udcd1 Teklif Al\r\n    <\/a>\r\n  <\/div>\r\n\r\n<\/section>\r\n\t\t\t\t<\/div>\n\t\t\t\t\t<\/div>\n\t\t\t\t<\/div>\n\t\t\t\t<\/div>\n\t\t","protected":false},"excerpt":{"rendered":"<p>EAC Uygunluk Deklarasyonu ile Rusya ve AEB Pazar\u0131na H\u0131zl\u0131 Giri\u015f EAC Uygunluk Deklarasyonu, Avrasya Ekonomik Birli\u011fi (AEB) \u00fclkelerinde \u00fcr\u00fcnlerin yasal olarak sat\u0131\u015fa sunulabilmesi i\u00e7in d\u00fczenlenen resm\u00ee uygunluk beyan\u0131d\u0131r. \u00dcretici ile AEB akrediteli uzman taraf\u0131ndan birlikte imzalan\u0131r ve \u00fcr\u00fcn\u00fcn ilgili teknik reg\u00fclasyonlara uygun oldu\u011funu beyan eder. \u00d6zellikle Rusya pazar\u0131na giri\u015fte en h\u0131zl\u0131 ve en pratik \u00e7\u00f6z\u00fcmlerden [&hellip;]<\/p>\n","protected":false},"author":1,"featured_media":0,"parent":0,"menu_order":0,"comment_status":"closed","ping_status":"closed","template":"template-fullwidth.php","meta":{"_joinchat":[],"footnotes":""},"class_list":["post-40571","page","type-page","status-publish","hentry"],"_links":{"self":[{"href":"https:\/\/capslockdijital.site\/eacmesa\/wp-json\/wp\/v2\/pages\/40571","targetHints":{"allow":["GET"]}}],"collection":[{"href":"https:\/\/capslockdijital.site\/eacmesa\/wp-json\/wp\/v2\/pages"}],"about":[{"href":"https:\/\/capslockdijital.site\/eacmesa\/wp-json\/wp\/v2\/types\/page"}],"author":[{"embeddable":true,"href":"https:\/\/capslockdijital.site\/eacmesa\/wp-json\/wp\/v2\/users\/1"}],"replies":[{"embeddable":true,"href":"https:\/\/capslockdijital.site\/eacmesa\/wp-json\/wp\/v2\/comments?post=40571"}],"version-history":[{"count":10,"href":"https:\/\/capslockdijital.site\/eacmesa\/wp-json\/wp\/v2\/pages\/40571\/revisions"}],"predecessor-version":[{"id":40800,"href":"https:\/\/capslockdijital.site\/eacmesa\/wp-json\/wp\/v2\/pages\/40571\/revisions\/40800"}],"wp:attachment":[{"href":"https:\/\/capslockdijital.site\/eacmesa\/wp-json\/wp\/v2\/media?parent=40571"}],"curies":[{"name":"wp","href":"https:\/\/api.w.org\/{rel}","templated":true}]}}