{"id":40575,"date":"2025-12-22T08:35:52","date_gmt":"2025-12-22T08:35:52","guid":{"rendered":"https:\/\/capslockdijital.site\/eacmesa\/?page_id=40575"},"modified":"2025-12-23T10:19:35","modified_gmt":"2025-12-23T10:19:35","slug":"chestny-znak-urun-kodlamasi","status":"publish","type":"page","link":"https:\/\/capslockdijital.site\/eacmesa\/chestny-znak-urun-kodlamasi\/","title":{"rendered":"Chestny Znak \u00dcr\u00fcn Kodlamas\u0131"},"content":{"rendered":"\t\t<div data-elementor-type=\"wp-page\" data-elementor-id=\"40575\" class=\"elementor elementor-40575\">\n\t\t\t\t\t\t<section class=\"elementor-section elementor-top-section elementor-element elementor-element-8952a61 elementor-section-boxed elementor-section-height-default elementor-section-height-default\" data-id=\"8952a61\" data-element_type=\"section\" data-e-type=\"section\">\n\t\t\t\t\t\t<div class=\"elementor-container elementor-column-gap-default\">\n\t\t\t\t\t<div class=\"elementor-column elementor-col-50 elementor-top-column elementor-element elementor-element-39c63b8\" data-id=\"39c63b8\" data-element_type=\"column\" data-e-type=\"column\">\n\t\t\t<div class=\"elementor-widget-wrap elementor-element-populated\">\n\t\t\t\t\t\t<div class=\"elementor-element elementor-element-115ecd4 elementor-widget elementor-widget-creote-title-v1\" data-id=\"115ecd4\" data-element_type=\"widget\" data-e-type=\"widget\" data-widget_type=\"creote-title-v1.default\">\n\t\t\t\t<div class=\"elementor-widget-container\">\n\t\t\t\t\t<div class=\"title_all_box style_one dark_color\">\r\n            <!-- Default title style -->\r\n        <div class=\"title_sections left\">\r\n                                        <div class=\"title\">\r\n                    Chestny Znak (DataMatrix) ile Rusya\u2019da Dijital \u00dcr\u00fcn Takibi ve Yasal Sat\u0131\u015f                <\/div>\r\n                                <\/div>\r\n        <!-- End of default title style -->\r\n\r\n    <\/div>\r\n\t\t\t\t<\/div>\n\t\t\t\t<\/div>\n\t\t\t\t<div class=\"elementor-element elementor-element-b48dc47 elementor-widget elementor-widget-creote-description-v1\" data-id=\"b48dc47\" data-element_type=\"widget\" data-e-type=\"widget\" data-widget_type=\"creote-description-v1.default\">\n\t\t\t\t<div class=\"elementor-widget-container\">\n\t\t\t\t\t<div class=\"description_box\" >  <p>Chestny Znak, Rusya Federasyonu\u2019nda belirli \u00fcr\u00fcn gruplar\u0131 i\u00e7in zorunlu olan dijital \u00fcr\u00fcn takip ve do\u011frulama sistemidir. Sistem kapsam\u0131nda her \u00fcr\u00fcn i\u00e7in benzersiz bir DataMatrix kodu olu\u015fturulur ve \u00fcr\u00fcn, \u00fcretimden son sat\u0131\u015f noktas\u0131na kadar devlet taraf\u0131ndan izlenir.\n<br> <br>\nChestny Znak kodlamas\u0131 olmadan \u00fcr\u00fcnler Rusya\u2019ya ithal edilemez ve yasal olarak sat\u0131\u015fa sunulamaz. Tekstil, ayakkab\u0131, elektronik, parf\u00fcm, g\u0131da ve lastik gibi bir\u00e7ok sekt\u00f6rde zorunlu h\u00e2le gelen bu sistem, ithalat\u00e7\u0131 ve \u00fcreticiler i\u00e7in teknik ve operasyonel uyum gerektirir. S\u00fcrecin do\u011fru kurulmas\u0131, hem g\u00fcmr\u00fckte hem de sat\u0131\u015f kanallar\u0131nda kesintisiz ilerleme sa\u011flar.<\/p> <\/div>\r\n\t\t\t\t<\/div>\n\t\t\t\t<\/div>\n\t\t\t\t<div class=\"elementor-element elementor-element-39c8ac0 elementor-widget elementor-widget-creote-themebtns-v1\" data-id=\"39c8ac0\" data-element_type=\"widget\" data-e-type=\"widget\" data-widget_type=\"creote-themebtns-v1.default\">\n\t\t\t\t<div class=\"elementor-widget-container\">\n\t\t\t\t\t<div class=\"theme_btn_all color_one\">  <a href=\"https:\/\/capslockdijital.site\/eacmesa\/teklif-al\"  target=&quot;_blank&quot;  rel=&quot;nofollow&quot; class=\"theme-btn one\"> Hemen Teklif Al\u0131n <\/a> <\/div>\r\n\t\t\t\t<\/div>\n\t\t\t\t<\/div>\n\t\t\t\t\t<\/div>\n\t\t<\/div>\n\t\t\t\t<div class=\"elementor-column elementor-col-50 elementor-top-column elementor-element elementor-element-d51e1c9\" data-id=\"d51e1c9\" data-element_type=\"column\" data-e-type=\"column\">\n\t\t\t<div class=\"elementor-widget-wrap elementor-element-populated\">\n\t\t\t\t\t\t<div class=\"elementor-element elementor-element-1df94be elementor-widget elementor-widget-creote-image-box-v1\" data-id=\"1df94be\" data-element_type=\"widget\" data-e-type=\"widget\" data-widget_type=\"creote-image-box-v1.default\">\n\t\t\t\t<div class=\"elementor-widget-container\">\n\t\t\t\t\t<div class=\"image_boxes style_two\" >  <img decoding=\"async\" src=\"https:\/\/capslockdijital.site\/eacmesa\/wp-content\/plugins\/creote-addons\/\/assets\/images\/shape-1.png\" class=\"background_image\" alt=\"image\" \/>   <div class=\"image one\"> <img decoding=\"async\" src=\"https:\/\/capslockdijital.site\/eacmesa\/wp-content\/uploads\/2025\/12\/mesa-hizmet-detaylari-10.webp\" class=\"img-fluid\" alt=\"image\" \/> <\/div>   <div class=\"image two\"> <img decoding=\"async\" src=\"https:\/\/capslockdijital.site\/eacmesa\/wp-content\/uploads\/2025\/12\/mesa-hizmet-detaylari-2.webp\" class=\"img\" alt=\"image\" \/>  <\/div>  <\/div> \r\n\t\t\t\t<\/div>\n\t\t\t\t<\/div>\n\t\t\t\t\t<\/div>\n\t\t<\/div>\n\t\t\t\t\t<\/div>\n\t\t<\/section>\n\t\t\t\t<section class=\"elementor-section elementor-top-section elementor-element elementor-element-e333eba elementor-section-full_width elementor-section-height-default elementor-section-height-default\" data-id=\"e333eba\" data-element_type=\"section\" data-e-type=\"section\">\n\t\t\t\t\t\t<div class=\"elementor-container elementor-column-gap-default\">\n\t\t\t\t\t<div class=\"elementor-column elementor-col-100 elementor-top-column elementor-element elementor-element-c514db3\" data-id=\"c514db3\" data-element_type=\"column\" data-e-type=\"column\">\n\t\t\t<div class=\"elementor-widget-wrap elementor-element-populated\">\n\t\t\t\t\t\t<div class=\"elementor-element elementor-element-831d154 elementor-widget elementor-widget-creote-shape-box-v1\" data-id=\"831d154\" data-element_type=\"widget\" data-e-type=\"widget\" data-widget_type=\"creote-shape-box-v1.default\">\n\t\t\t\t<div class=\"elementor-widget-container\">\n\t\t\t\t\t<div class=\"shape_one move_allside\">\r\n   <img decoding=\"async\" src=\"https:\/\/themepanthers.com\/wp\/creote\/v-new\/wp-content\/uploads\/2021\/10\/shape-top-left.png\"  alt=\"image\" \/>\r\n<\/div>\r\n\t\t\t\t<\/div>\n\t\t\t\t<\/div>\n\t\t\t\t<div class=\"elementor-element elementor-element-3080f8e elementor-widget elementor-widget-creote-shape-box-v1\" data-id=\"3080f8e\" data-element_type=\"widget\" data-e-type=\"widget\" data-widget_type=\"creote-shape-box-v1.default\">\n\t\t\t\t<div class=\"elementor-widget-container\">\n\t\t\t\t\t<div class=\"shape_one move_allside\">\r\n   <img decoding=\"async\" src=\"https:\/\/themepanthers.com\/wp\/creote\/v-new\/wp-content\/uploads\/2021\/10\/shape-top.png\"  alt=\"image\" \/>\r\n<\/div>\r\n\t\t\t\t<\/div>\n\t\t\t\t<\/div>\n\t\t\t\t\t<\/div>\n\t\t<\/div>\n\t\t\t\t\t<\/div>\n\t\t<\/section>\n\t\t\t\t<section class=\"elementor-section elementor-top-section elementor-element elementor-element-19cf515 elementor-section-boxed elementor-section-height-default elementor-section-height-default\" data-id=\"19cf515\" data-element_type=\"section\" data-e-type=\"section\" data-settings=\"{&quot;background_background&quot;:&quot;classic&quot;}\">\n\t\t\t\t\t\t<div class=\"elementor-container elementor-column-gap-no\">\n\t\t\t\t\t<div class=\"elementor-column elementor-col-100 elementor-top-column elementor-element elementor-element-f27d61b\" data-id=\"f27d61b\" data-element_type=\"column\" data-e-type=\"column\">\n\t\t\t<div class=\"elementor-widget-wrap elementor-element-populated\">\n\t\t\t\t\t\t<div class=\"elementor-element elementor-element-8d4fee5 elementor-widget elementor-widget-creote-title-v1\" data-id=\"8d4fee5\" data-element_type=\"widget\" data-e-type=\"widget\" data-widget_type=\"creote-title-v1.default\">\n\t\t\t\t<div class=\"elementor-widget-container\">\n\t\t\t\t\t<div class=\"title_all_box style_one dark_color\">\r\n            <!-- Default title style -->\r\n        <div class=\"title_sections center\">\r\n                                        <div class=\"title\">\r\n                    Neden Gereklidir?                <\/div>\r\n                                <\/div>\r\n        <!-- End of default title style -->\r\n\r\n    <\/div>\r\n\t\t\t\t<\/div>\n\t\t\t\t<\/div>\n\t\t\t\t<section class=\"elementor-section elementor-inner-section elementor-element elementor-element-77cab35 elementor-section-full_width elementor-section-height-default elementor-section-height-default\" data-id=\"77cab35\" data-element_type=\"section\" data-e-type=\"section\">\n\t\t\t\t\t\t<div class=\"elementor-container elementor-column-gap-default\">\n\t\t\t\t\t<div class=\"elementor-column elementor-col-25 elementor-inner-column elementor-element elementor-element-c1b60e7\" data-id=\"c1b60e7\" data-element_type=\"column\" data-e-type=\"column\">\n\t\t\t<div class=\"elementor-widget-wrap elementor-element-populated\">\n\t\t\t\t\t\t<div class=\"elementor-element elementor-element-10ad009 elementor-widget elementor-widget-creote-service-box-v1\" data-id=\"10ad009\" data-element_type=\"widget\" data-e-type=\"widget\" data-widget_type=\"creote-service-box-v1.default\">\n\t\t\t\t<div class=\"elementor-widget-container\">\n\t\t\t\t\t \r\n   <div class=\"service_box style_three dark_color\"\r\n            data-aos=\"fade-up\" data-aos-delay=\"0\" data-aos-offset=\"0\"\r\n    >\r\n            <div class=\"service_content\">\r\n            <div class=\"content_inner\">\r\n                                    <span class=\" icon-dollar\"><i><\/i><\/span>\r\n                                                    <small class=\"nom\">01<\/small>\r\n                                                  <h2 class=\"serheading\">\r\n                        <a href=\"\"  >\r\n                            \u0130thalat \u00d6n Ko\u015fulu\n                        <\/a>\r\n                    <\/h2>\r\n                                                    <p>Chestny Znak sistemine kay\u0131tl\u0131 olmayan \u00fcr\u00fcnler Rusya g\u00fcmr\u00fc\u011f\u00fcnden ge\u00e7emez ve ithalat i\u015flemleri durdurulur.<\/p>\r\n                                            <\/div>\r\n        <\/div>\r\n\r\n    <\/div>\r\n\r\n   \t\t\t\t<\/div>\n\t\t\t\t<\/div>\n\t\t\t\t\t<\/div>\n\t\t<\/div>\n\t\t\t\t<div class=\"elementor-column elementor-col-25 elementor-inner-column elementor-element elementor-element-deb4871\" data-id=\"deb4871\" data-element_type=\"column\" data-e-type=\"column\">\n\t\t\t<div class=\"elementor-widget-wrap elementor-element-populated\">\n\t\t\t\t\t\t<div class=\"elementor-element elementor-element-57c825f elementor-widget elementor-widget-creote-service-box-v1\" data-id=\"57c825f\" data-element_type=\"widget\" data-e-type=\"widget\" data-widget_type=\"creote-service-box-v1.default\">\n\t\t\t\t<div class=\"elementor-widget-container\">\n\t\t\t\t\t \r\n   <div class=\"service_box style_three dark_color\"\r\n            data-aos=\"fade-up\" data-aos-delay=\"100\" data-aos-offset=\"0\"\r\n    >\r\n            <div class=\"service_content\">\r\n            <div class=\"content_inner\">\r\n                                    <span class=\" icon-pharmacy\"><i><\/i><\/span>\r\n                                                    <small class=\"nom\">02<\/small>\r\n                                                  <h2 class=\"serheading\">\r\n                        <a href=\"\"  >\r\n                            Yasal Sat\u0131\u015f Zorunlulu\u011fu\n                        <\/a>\r\n                    <\/h2>\r\n                                                    <p>Kodlanmam\u0131\u015f \u00fcr\u00fcnler perakende sat\u0131\u015f noktalar\u0131nda ve pazaryerlerinde yasal olarak sat\u0131lamaz.<\/p>\r\n                                            <\/div>\r\n        <\/div>\r\n\r\n    <\/div>\r\n\r\n   \t\t\t\t<\/div>\n\t\t\t\t<\/div>\n\t\t\t\t\t<\/div>\n\t\t<\/div>\n\t\t\t\t<div class=\"elementor-column elementor-col-25 elementor-inner-column elementor-element elementor-element-4482966\" data-id=\"4482966\" data-element_type=\"column\" data-e-type=\"column\">\n\t\t\t<div class=\"elementor-widget-wrap elementor-element-populated\">\n\t\t\t\t\t\t<div class=\"elementor-element elementor-element-ae95a08 elementor-widget elementor-widget-creote-service-box-v1\" data-id=\"ae95a08\" data-element_type=\"widget\" data-e-type=\"widget\" data-widget_type=\"creote-service-box-v1.default\">\n\t\t\t\t<div class=\"elementor-widget-container\">\n\t\t\t\t\t \r\n   <div class=\"service_box style_three dark_color\"\r\n            data-aos=\"fade-up\" data-aos-delay=\"200\" data-aos-offset=\"0\"\r\n    >\r\n            <div class=\"service_content\">\r\n            <div class=\"content_inner\">\r\n                                    <span class=\" icon-service\"><i><\/i><\/span>\r\n                                                    <small class=\"nom\">03<\/small>\r\n                                                  <h2 class=\"serheading\">\r\n                        <a href=\"\"  >\r\n                            Devlet Taraf\u0131ndan Dijital Takip\n                        <\/a>\r\n                    <\/h2>\r\n                                                    <p>Her \u00fcr\u00fcn, DataMatrix kodu \u00fczerinden devlet sistemleri taraf\u0131ndan u\u00e7tan uca izlenir.<\/p>\r\n                                            <\/div>\r\n        <\/div>\r\n\r\n    <\/div>\r\n\r\n   \t\t\t\t<\/div>\n\t\t\t\t<\/div>\n\t\t\t\t\t<\/div>\n\t\t<\/div>\n\t\t\t\t<div class=\"elementor-column elementor-col-25 elementor-inner-column elementor-element elementor-element-848fa06\" data-id=\"848fa06\" data-element_type=\"column\" data-e-type=\"column\">\n\t\t\t<div class=\"elementor-widget-wrap elementor-element-populated\">\n\t\t\t\t\t\t<div class=\"elementor-element elementor-element-3c1ba57 elementor-widget elementor-widget-creote-service-box-v1\" data-id=\"3c1ba57\" data-element_type=\"widget\" data-e-type=\"widget\" data-widget_type=\"creote-service-box-v1.default\">\n\t\t\t\t<div class=\"elementor-widget-container\">\n\t\t\t\t\t \r\n   <div class=\"service_box style_three dark_color\"\r\n            data-aos=\"fade-up\" data-aos-delay=\"300\" data-aos-offset=\"0\"\r\n    >\r\n            <div class=\"service_content\">\r\n            <div class=\"content_inner\">\r\n                                    <span class=\" icon-dollar\"><i><\/i><\/span>\r\n                                                    <small class=\"nom\">04<\/small>\r\n                                                  <h2 class=\"serheading\">\r\n                        <a href=\"\"  >\r\n                            Sekt\u00f6rel Denetim ve Cezalardan Korunma\n                        <\/a>\r\n                    <\/h2>\r\n                                                    <p>Sisteme uyumsuzluk; y\u00fcksek para cezalar\u0131, \u00fcr\u00fcn toplatma ve sat\u0131\u015f yasaklar\u0131na yol a\u00e7abilir.<\/p>\r\n                                            <\/div>\r\n        <\/div>\r\n\r\n    <\/div>\r\n\r\n   \t\t\t\t<\/div>\n\t\t\t\t<\/div>\n\t\t\t\t\t<\/div>\n\t\t<\/div>\n\t\t\t\t\t<\/div>\n\t\t<\/section>\n\t\t\t\t\t<\/div>\n\t\t<\/div>\n\t\t\t\t\t<\/div>\n\t\t<\/section>\n\t\t<div class=\"elementor-element elementor-element-06ed6d9 e-flex e-con-boxed e-con e-parent\" data-id=\"06ed6d9\" data-element_type=\"container\" data-e-type=\"container\">\n\t\t\t\t\t<div class=\"e-con-inner\">\n\t\t\t\t<div class=\"elementor-element elementor-element-d7ba31f elementor-widget elementor-widget-html\" data-id=\"d7ba31f\" data-element_type=\"widget\" data-e-type=\"widget\" data-widget_type=\"html.default\">\n\t\t\t\t\t<style>\r\n\/* =========================\r\n   NEDEN BEN\u0130MLE \u2013 LIGHT MODE\r\n   ========================= *\/\r\n\r\n.mesa-why {\r\n  background: linear-gradient(135deg, #f6f7fb, #ffffff);\r\n  padding: 60px 32px;\r\n  border-radius: 24px;\r\n  max-width: 1100px;\r\n  margin: 50px auto;\r\n}\r\n\r\n.mesa-why h2 {\r\n  text-align: center;\r\n  font-size: 28px;\r\n  margin-bottom: 40px;\r\n  font-weight: 700;\r\n  color: #121736;\r\n}\r\n\r\n.mesa-why-grid {\r\n  display: grid;\r\n  grid-template-columns: repeat(4, 1fr);\r\n  gap: 24px;\r\n}\r\n\r\n.mesa-why-item {\r\n  background: #ffffff;\r\n  padding: 26px 22px;\r\n  border-radius: 18px;\r\n  border: 1px solid #e8eaf3;\r\n  transition: transform 0.3s ease, box-shadow 0.3s ease;\r\n}\r\n\r\n.mesa-why-item:hover {\r\n  transform: translateY(-4px);\r\n  box-shadow: 0 12px 30px rgba(18, 23, 54, 0.12);\r\n}\r\n\r\n.mesa-why-icon {\r\n  width: 46px;\r\n  height: 46px;\r\n  border-radius: 14px;\r\n  background: #dcbd5e;\r\n  color: #121736;\r\n  display: flex;\r\n  align-items: center;\r\n  justify-content: center;\r\n  font-size: 20px;\r\n  font-weight: bold;\r\n  margin-bottom: 16px;\r\n}\r\n\r\n.mesa-why-item h3 {\r\n  font-size: 16px;\r\n  margin-bottom: 10px;\r\n  color: #121736;\r\n}\r\n\r\n.mesa-why-item p {\r\n  font-size: 14px;\r\n  line-height: 1.65;\r\n  color: #4b5563;\r\n}\r\n\r\n\/* TABLET *\/\r\n@media (max-width: 900px) {\r\n  .mesa-why-grid {\r\n    grid-template-columns: repeat(2, 1fr);\r\n  }\r\n}\r\n\r\n\/* MOB\u0130L *\/\r\n@media (max-width: 560px) {\r\n  .mesa-why {\r\n    padding: 40px 20px;\r\n    margin: 40px 14px;\r\n  }\r\n\r\n  .mesa-why-grid {\r\n    grid-template-columns: 1fr;\r\n    gap: 18px;\r\n  }\r\n\r\n  .mesa-why h2 {\r\n    font-size: 24px;\r\n    margin-bottom: 28px;\r\n  }\r\n}\r\n<\/style>\r\n\r\n<section class=\"mesa-why\">\r\n  <h2>Neden Benimle?<\/h2>\r\n\r\n  <div class=\"mesa-why-grid\">\r\n\r\n    <div class=\"mesa-why-item\">\r\n      <div class=\"mesa-why-icon\">\u2713<\/div>\r\n      <h3>Sisteme Eksiksiz Kay\u0131t<\/h3>\r\n      <p>\r\n        Chestny Znak platformuna firma ve \u00fcr\u00fcn kay\u0131tlar\u0131\r\n        eksiksiz ve hatas\u0131z \u015fekilde ger\u00e7ekle\u015ftirilir.\r\n      <\/p>\r\n    <\/div>\r\n\r\n    <div class=\"mesa-why-item\">\r\n      <div class=\"mesa-why-icon\">\u2713<\/div>\r\n      <h3>Panel Kurulumu ve Yetkilendirme<\/h3>\r\n      <p>\r\n        Y\u00f6netim paneli kurulumu yap\u0131l\u0131r, kullan\u0131c\u0131 yetkileri\r\n        ve teknik ayarlar do\u011fru \u015fekilde yap\u0131land\u0131r\u0131l\u0131r.\r\n      <\/p>\r\n    <\/div>\r\n\r\n    <div class=\"mesa-why-item\">\r\n      <div class=\"mesa-why-icon\">\u2713<\/div>\r\n      <h3>DataMatrix Kod \u00dcretimi<\/h3>\r\n      <p>\r\n        \u00dcr\u00fcn bazl\u0131 DataMatrix kodlar\u0131 olu\u015fturulur,\r\n        kullan\u0131m ve entegrasyon detaylar\u0131 a\u00e7\u0131k\u00e7a aktar\u0131l\u0131r.\r\n      <\/p>\r\n    <\/div>\r\n\r\n    <div class=\"mesa-why-item\">\r\n      <div class=\"mesa-why-icon\">\u2713<\/div>\r\n      <h3>\u0130thalat ve Operasyon Deste\u011fi<\/h3>\r\n      <p>\r\n        Kodlama sonras\u0131 ithalat s\u00fcre\u00e7leri,\r\n        g\u00fcmr\u00fck ve sat\u0131\u015f a\u015famalar\u0131nda teknik destek sa\u011flan\u0131r.\r\n      <\/p>\r\n    <\/div>\r\n\r\n  <\/div>\r\n\r\n  <style>\r\n  \/* CTA *\/\r\n\r\n  .mesa-why-cta {\r\n    margin-top: 48px;\r\n    display: flex;\r\n    justify-content: center;\r\n    gap: 18px;\r\n    flex-wrap: wrap;\r\n  }\r\n\r\n  .mesa-why-btn {\r\n    display: inline-flex;\r\n    align-items: center;\r\n    gap: 10px;\r\n    padding: 14px 28px;\r\n    font-size: 15px;\r\n    font-weight: 600;\r\n    border-radius: 999px;\r\n    text-decoration: none;\r\n    transition: all 0.3s ease;\r\n    box-shadow: 0 10px 24px rgba(18, 23, 54, 0.15);\r\n  }\r\n\r\n  .mesa-why-btn.call {\r\n    background: #121736;\r\n    color: #ffffff;\r\n  }\r\n\r\n  .mesa-why-btn.call:hover {\r\n    background: #1c234d;\r\n    transform: translateY(-2px);\r\n  }\r\n\r\n  .mesa-why-btn.offer {\r\n    background: #dcbd5e;\r\n    color: #121736;\r\n  }\r\n\r\n  .mesa-why-btn.offer:hover {\r\n    background: #d4b44f;\r\n    transform: translateY(-2px);\r\n  }\r\n\r\n  @media (max-width: 560px) {\r\n    .mesa-why-btn {\r\n      width: 100%;\r\n      justify-content: center;\r\n      font-size: 14px;\r\n    }\r\n  }\r\n  <\/style>\r\n\r\n  <div class=\"mesa-why-cta\">\r\n    <a href=\"tel:+905447925710\" class=\"mesa-why-btn call\">\r\n      \ud83d\udcde Hemen Ara\r\n    <\/a>\r\n    <a href=\"https:\/\/capslockdijital.site\/eacmesa\/teklif-al\" class=\"mesa-why-btn offer\">\r\n      \ud83d\udcd1 Teklif Al\r\n    <\/a>\r\n  <\/div>\r\n\r\n<\/section>\r\n\t\t\t\t<\/div>\n\t\t\t\t\t<\/div>\n\t\t\t\t<\/div>\n\t\t\t\t<\/div>\n\t\t","protected":false},"excerpt":{"rendered":"<p>Chestny Znak (DataMatrix) ile Rusya\u2019da Dijital \u00dcr\u00fcn Takibi ve Yasal Sat\u0131\u015f Chestny Znak, Rusya Federasyonu\u2019nda belirli \u00fcr\u00fcn gruplar\u0131 i\u00e7in zorunlu olan dijital \u00fcr\u00fcn takip ve do\u011frulama sistemidir. Sistem kapsam\u0131nda her \u00fcr\u00fcn i\u00e7in benzersiz bir DataMatrix kodu olu\u015fturulur ve \u00fcr\u00fcn, \u00fcretimden son sat\u0131\u015f noktas\u0131na kadar devlet taraf\u0131ndan izlenir. Chestny Znak kodlamas\u0131 olmadan \u00fcr\u00fcnler Rusya\u2019ya ithal edilemez [&hellip;]<\/p>\n","protected":false},"author":1,"featured_media":0,"parent":0,"menu_order":0,"comment_status":"closed","ping_status":"closed","template":"template-fullwidth.php","meta":{"_joinchat":[],"footnotes":""},"class_list":["post-40575","page","type-page","status-publish","hentry"],"_links":{"self":[{"href":"https:\/\/capslockdijital.site\/eacmesa\/wp-json\/wp\/v2\/pages\/40575","targetHints":{"allow":["GET"]}}],"collection":[{"href":"https:\/\/capslockdijital.site\/eacmesa\/wp-json\/wp\/v2\/pages"}],"about":[{"href":"https:\/\/capslockdijital.site\/eacmesa\/wp-json\/wp\/v2\/types\/page"}],"author":[{"embeddable":true,"href":"https:\/\/capslockdijital.site\/eacmesa\/wp-json\/wp\/v2\/users\/1"}],"replies":[{"embeddable":true,"href":"https:\/\/capslockdijital.site\/eacmesa\/wp-json\/wp\/v2\/comments?post=40575"}],"version-history":[{"count":10,"href":"https:\/\/capslockdijital.site\/eacmesa\/wp-json\/wp\/v2\/pages\/40575\/revisions"}],"predecessor-version":[{"id":40751,"href":"https:\/\/capslockdijital.site\/eacmesa\/wp-json\/wp\/v2\/pages\/40575\/revisions\/40751"}],"wp:attachment":[{"href":"https:\/\/capslockdijital.site\/eacmesa\/wp-json\/wp\/v2\/media?parent=40575"}],"curies":[{"name":"wp","href":"https:\/\/api.w.org\/{rel}","templated":true}]}}