{"id":40683,"date":"2025-12-22T11:55:55","date_gmt":"2025-12-22T11:55:55","guid":{"rendered":"https:\/\/capslockdijital.site\/eacmesa\/?page_id=40683"},"modified":"2025-12-23T10:31:58","modified_gmt":"2025-12-23T10:31:58","slug":"hizmetlerimiz","status":"publish","type":"page","link":"https:\/\/capslockdijital.site\/eacmesa\/hizmetlerimiz\/","title":{"rendered":"Hizmetlerimiz"},"content":{"rendered":"\t\t<div data-elementor-type=\"wp-page\" data-elementor-id=\"40683\" class=\"elementor elementor-40683\">\n\t\t\t\t\t\t<section class=\"elementor-section elementor-top-section elementor-element elementor-element-c1f4dd0 elementor-section-boxed elementor-section-height-default elementor-section-height-default\" data-id=\"c1f4dd0\" data-element_type=\"section\" data-e-type=\"section\" data-settings=\"{&quot;background_background&quot;:&quot;classic&quot;}\">\n\t\t\t\t\t\t<div class=\"elementor-container elementor-column-gap-no\">\n\t\t\t\t\t<div class=\"elementor-column elementor-col-100 elementor-top-column elementor-element elementor-element-c8dab92\" data-id=\"c8dab92\" data-element_type=\"column\" data-e-type=\"column\">\n\t\t\t<div class=\"elementor-widget-wrap elementor-element-populated\">\n\t\t\t\t\t\t<section class=\"elementor-section elementor-inner-section elementor-element elementor-element-044b501 elementor-section-boxed elementor-section-height-default elementor-section-height-default\" data-id=\"044b501\" data-element_type=\"section\" data-e-type=\"section\">\n\t\t\t\t\t\t<div class=\"elementor-container elementor-column-gap-default\">\n\t\t\t\t\t<div class=\"elementor-column elementor-col-50 elementor-inner-column elementor-element elementor-element-927960b\" data-id=\"927960b\" data-element_type=\"column\" data-e-type=\"column\">\n\t\t\t<div class=\"elementor-widget-wrap elementor-element-populated\">\n\t\t\t\t\t\t<div class=\"elementor-element elementor-element-acc9ee7 elementor-invisible elementor-widget elementor-widget-creote-title-v1\" data-id=\"acc9ee7\" data-element_type=\"widget\" data-e-type=\"widget\" data-settings=\"{&quot;_animation&quot;:&quot;fadeInLeft&quot;}\" data-widget_type=\"creote-title-v1.default\">\n\t\t\t\t<div class=\"elementor-widget-container\">\n\t\t\t\t\t<div class=\"title_all_box style_one dark_color\">\r\n            <!-- Default title style -->\r\n        <div class=\"title_sections left\">\r\n                            <div class=\"before_title\">\r\n                    Belgelendirmede Do\u011fru S\u00fcre\u00e7, Net Sonu\u00e7                <\/div>\r\n                                        <div class=\"title\">\r\n                    Uzmanl\u0131k Alanlar\u0131m\u0131z                <\/div>\r\n                                <\/div>\r\n        <!-- End of default title style -->\r\n\r\n    <\/div>\r\n\t\t\t\t<\/div>\n\t\t\t\t<\/div>\n\t\t\t\t\t<\/div>\n\t\t<\/div>\n\t\t\t\t<div class=\"elementor-column elementor-col-50 elementor-inner-column elementor-element elementor-element-7ef6f88\" data-id=\"7ef6f88\" data-element_type=\"column\" data-e-type=\"column\">\n\t\t\t<div class=\"elementor-widget-wrap elementor-element-populated\">\n\t\t\t\t\t\t<div class=\"elementor-element elementor-element-65f3216 elementor-hidden-tablet elementor-widget elementor-widget-spacer\" data-id=\"65f3216\" data-element_type=\"widget\" data-e-type=\"widget\" data-widget_type=\"spacer.default\">\n\t\t\t\t\t\t\t<div class=\"elementor-spacer\">\n\t\t\t<div class=\"elementor-spacer-inner\"><\/div>\n\t\t<\/div>\n\t\t\t\t\t\t<\/div>\n\t\t\t\t<div class=\"elementor-element elementor-element-77765ad elementor-invisible elementor-widget elementor-widget-creote-description-v1\" data-id=\"77765ad\" data-element_type=\"widget\" data-e-type=\"widget\" data-settings=\"{&quot;_animation&quot;:&quot;fadeInLeft&quot;}\" data-widget_type=\"creote-description-v1.default\">\n\t\t\t\t<div class=\"elementor-widget-container\">\n\t\t\t\t\t<div class=\"description_box\" >  <p>MESA, belgelendirme alan\u0131nda akredite edilmi\u015f bir uzmand\u0131r. EAC, SGR, beyan (deklarasyon) ve \u00fcr\u00fcn kay\u0131t s\u00fcre\u00e7leri, arac\u0131 olmaks\u0131z\u0131n, do\u011frudan AEB resmi kurumlar\u0131 \u00fczerinden ve bizzat uzman taraf\u0131ndan y\u00fcr\u00fct\u00fclmektedir. Sonu\u00e7 ise do\u011fru belge ve \u00fcr\u00fcn\u00fcn pazara yasal olarak sunulmas\u0131d\u0131r.<\/p> <\/div>\r\n\t\t\t\t<\/div>\n\t\t\t\t<\/div>\n\t\t\t\t\t<\/div>\n\t\t<\/div>\n\t\t\t\t\t<\/div>\n\t\t<\/section>\n\t\t\t\t<section class=\"elementor-section elementor-inner-section elementor-element elementor-element-d32c938 elementor-section-boxed elementor-section-height-default elementor-section-height-default\" data-id=\"d32c938\" data-element_type=\"section\" data-e-type=\"section\">\n\t\t\t\t\t\t<div class=\"elementor-container elementor-column-gap-default\">\n\t\t\t\t\t<div class=\"elementor-column elementor-col-25 elementor-inner-column elementor-element elementor-element-98ab767\" data-id=\"98ab767\" data-element_type=\"column\" data-e-type=\"column\">\n\t\t\t<div class=\"elementor-widget-wrap elementor-element-populated\">\n\t\t\t\t\t\t<div class=\"elementor-element elementor-element-e4b1655 elementor-invisible elementor-widget elementor-widget-creote-team-v1\" data-id=\"e4b1655\" data-element_type=\"widget\" data-e-type=\"widget\" data-settings=\"{&quot;_animation&quot;:&quot;fadeInLeft&quot;}\" data-widget_type=\"creote-team-v1.default\">\n\t\t\t\t<div class=\"elementor-widget-container\">\n\t\t\t\t\t \r\n <div class=\"team_box style_one\">\r\n            <div class=\"team_box_outer\">\r\n                            <div class=\"member_image\">\r\n                    <img decoding=\"async\" src=\"https:\/\/capslockdijital.site\/eacmesa\/wp-content\/uploads\/2025\/12\/mesa-hizmet-detaylari-6.webp\" alt=\"image\" \/>\r\n                <\/div>\r\n                        <div class=\"about_member\">\r\n                                <div class=\"authour_details\">\r\n                                            <span>Hizmetlerimiz<\/span>\r\n                                                                <div class=\"job_details\">EAC Sertifikas\u0131<\/div>\r\n                                                                <div class=\"button_view\">\r\n                            <a href=\"https:\/\/capslockdijital.site\/eacmesa\/eac-sertifikasi\/\"  target=&quot;_blank&quot;  rel=&quot;nofollow&quot; class=\"theme-btn one\">\r\n                                Detaylar\u0131 \u00d6\u011frenin                            <\/a>\r\n                        <\/div>\r\n                                    <\/div>\r\n            <\/div>\r\n        <\/div>\r\n    <\/div>\r\n\r\n \r\n \t\t\t\t<\/div>\n\t\t\t\t<\/div>\n\t\t\t\t<div class=\"elementor-element elementor-element-ebcdcd2 elementor-invisible elementor-widget elementor-widget-creote-team-v1\" data-id=\"ebcdcd2\" data-element_type=\"widget\" data-e-type=\"widget\" data-settings=\"{&quot;_animation&quot;:&quot;fadeInLeft&quot;}\" data-widget_type=\"creote-team-v1.default\">\n\t\t\t\t<div class=\"elementor-widget-container\">\n\t\t\t\t\t \r\n <div class=\"team_box style_one\">\r\n            <div class=\"team_box_outer\">\r\n                            <div class=\"member_image\">\r\n                    <img decoding=\"async\" src=\"https:\/\/capslockdijital.site\/eacmesa\/wp-content\/uploads\/2025\/12\/tibbi-cihaz-kaydi-kapak.webp\" alt=\"image\" \/>\r\n                <\/div>\r\n                        <div class=\"about_member\">\r\n                                <div class=\"authour_details\">\r\n                                            <span>Hizmetlerimiz<\/span>\r\n                                                                <div class=\"job_details\">T\u0131bbi Cihaz Kayd\u0131<\/div>\r\n                                                                <div class=\"button_view\">\r\n                            <a href=\"https:\/\/capslockdijital.site\/eacmesa\/tibbi-cihaz-kaydi\/\"  target=&quot;_blank&quot;  rel=&quot;nofollow&quot; class=\"theme-btn one\">\r\n                                Detaylar\u0131 \u00d6\u011frenin                            <\/a>\r\n                        <\/div>\r\n                                    <\/div>\r\n            <\/div>\r\n        <\/div>\r\n    <\/div>\r\n\r\n \r\n \t\t\t\t<\/div>\n\t\t\t\t<\/div>\n\t\t\t\t\t<\/div>\n\t\t<\/div>\n\t\t\t\t<div class=\"elementor-column elementor-col-25 elementor-inner-column elementor-element elementor-element-35732e7\" data-id=\"35732e7\" data-element_type=\"column\" data-e-type=\"column\">\n\t\t\t<div class=\"elementor-widget-wrap elementor-element-populated\">\n\t\t\t\t\t\t<div class=\"elementor-element elementor-element-d6da8a1 elementor-invisible elementor-widget elementor-widget-creote-team-v1\" data-id=\"d6da8a1\" data-element_type=\"widget\" data-e-type=\"widget\" data-settings=\"{&quot;_animation&quot;:&quot;fadeInLeft&quot;}\" data-widget_type=\"creote-team-v1.default\">\n\t\t\t\t<div class=\"elementor-widget-container\">\n\t\t\t\t\t \r\n <div class=\"team_box style_one\">\r\n            <div class=\"team_box_outer\">\r\n                            <div class=\"member_image\">\r\n                    <img decoding=\"async\" src=\"https:\/\/capslockdijital.site\/eacmesa\/wp-content\/uploads\/2025\/12\/mesa-hizmet-detaylari-11.webp\" alt=\"image\" \/>\r\n                <\/div>\r\n                        <div class=\"about_member\">\r\n                                <div class=\"authour_details\">\r\n                                            <span>Hizmetlerimiz<\/span>\r\n                                                                <div class=\"job_details\">EAC Deklarasyonu<\/div>\r\n                                                                <div class=\"button_view\">\r\n                            <a href=\"https:\/\/capslockdijital.site\/eacmesa\/eac-deklarasyonu\/\"  target=&quot;_blank&quot;  rel=&quot;nofollow&quot; class=\"theme-btn one\">\r\n                                Detaylar\u0131 \u00d6\u011frenin                            <\/a>\r\n                        <\/div>\r\n                                    <\/div>\r\n            <\/div>\r\n        <\/div>\r\n    <\/div>\r\n\r\n \r\n \t\t\t\t<\/div>\n\t\t\t\t<\/div>\n\t\t\t\t<div class=\"elementor-element elementor-element-fd00a23 elementor-invisible elementor-widget elementor-widget-creote-team-v1\" data-id=\"fd00a23\" data-element_type=\"widget\" data-e-type=\"widget\" data-settings=\"{&quot;_animation&quot;:&quot;fadeInLeft&quot;}\" data-widget_type=\"creote-team-v1.default\">\n\t\t\t\t<div class=\"elementor-widget-container\">\n\t\t\t\t\t \r\n <div class=\"team_box style_one\">\r\n            <div class=\"team_box_outer\">\r\n                            <div class=\"member_image\">\r\n                    <img decoding=\"async\" src=\"https:\/\/capslockdijital.site\/eacmesa\/wp-content\/uploads\/2025\/12\/ukrayna-sertifikalari-kapak.webp\" alt=\"image\" \/>\r\n                <\/div>\r\n                        <div class=\"about_member\">\r\n                                <div class=\"authour_details\">\r\n                                            <span>Hizmetlerimiz<\/span>\r\n                                                                <div class=\"job_details\">Ukrayna Sertifikalar\u0131<\/div>\r\n                                                                <div class=\"button_view\">\r\n                            <a href=\"https:\/\/capslockdijital.site\/eacmesa\/ukrayna-sertifikalari\/\"  target=&quot;_blank&quot;  rel=&quot;nofollow&quot; class=\"theme-btn one\">\r\n                                Detaylar\u0131 \u00d6\u011frenin                            <\/a>\r\n                        <\/div>\r\n                                    <\/div>\r\n            <\/div>\r\n        <\/div>\r\n    <\/div>\r\n\r\n \r\n \t\t\t\t<\/div>\n\t\t\t\t<\/div>\n\t\t\t\t\t<\/div>\n\t\t<\/div>\n\t\t\t\t<div class=\"elementor-column elementor-col-25 elementor-inner-column elementor-element elementor-element-dfb667e\" data-id=\"dfb667e\" data-element_type=\"column\" data-e-type=\"column\">\n\t\t\t<div class=\"elementor-widget-wrap elementor-element-populated\">\n\t\t\t\t\t\t<div class=\"elementor-element elementor-element-f6ecdba elementor-invisible elementor-widget elementor-widget-creote-team-v1\" data-id=\"f6ecdba\" data-element_type=\"widget\" data-e-type=\"widget\" data-settings=\"{&quot;_animation&quot;:&quot;fadeInLeft&quot;}\" data-widget_type=\"creote-team-v1.default\">\n\t\t\t\t<div class=\"elementor-widget-container\">\n\t\t\t\t\t \r\n <div class=\"team_box style_one\">\r\n            <div class=\"team_box_outer\">\r\n                            <div class=\"member_image\">\r\n                    <img decoding=\"async\" src=\"https:\/\/capslockdijital.site\/eacmesa\/wp-content\/uploads\/2025\/12\/mesa-hizmet-detaylari-2.webp\" alt=\"image\" \/>\r\n                <\/div>\r\n                        <div class=\"about_member\">\r\n                                <div class=\"authour_details\">\r\n                                            <span>Hizmetlerimiz<\/span>\r\n                                                                <div class=\"job_details\">SGR (Devlet Kay\u0131t Belgesi)<\/div>\r\n                                                                <div class=\"button_view\">\r\n                            <a href=\"https:\/\/capslockdijital.site\/eacmesa\/sgr-devlet-kayit-belgesi\/\"  target=&quot;_blank&quot;  rel=&quot;nofollow&quot; class=\"theme-btn one\">\r\n                                Detaylar\u0131 \u00d6\u011frenin                            <\/a>\r\n                        <\/div>\r\n                                    <\/div>\r\n            <\/div>\r\n        <\/div>\r\n    <\/div>\r\n\r\n \r\n \t\t\t\t<\/div>\n\t\t\t\t<\/div>\n\t\t\t\t<div class=\"elementor-element elementor-element-68bc128 elementor-invisible elementor-widget elementor-widget-creote-team-v1\" data-id=\"68bc128\" data-element_type=\"widget\" data-e-type=\"widget\" data-settings=\"{&quot;_animation&quot;:&quot;fadeInLeft&quot;}\" data-widget_type=\"creote-team-v1.default\">\n\t\t\t\t<div class=\"elementor-widget-container\">\n\t\t\t\t\t \r\n <div class=\"team_box style_one\">\r\n            <div class=\"team_box_outer\">\r\n                            <div class=\"member_image\">\r\n                    <img decoding=\"async\" src=\"https:\/\/capslockdijital.site\/eacmesa\/wp-content\/uploads\/2025\/12\/marka-tescili-kapak.webp\" alt=\"image\" \/>\r\n                <\/div>\r\n                        <div class=\"about_member\">\r\n                                <div class=\"authour_details\">\r\n                                            <span>Hizmetlerimiz<\/span>\r\n                                                                <div class=\"job_details\">Marka Tescili \/ Patent<\/div>\r\n                                                                <div class=\"button_view\">\r\n                            <a href=\"https:\/\/capslockdijital.site\/eacmesa\/marka-tescili-patent\/\"  target=&quot;_blank&quot;  rel=&quot;nofollow&quot; class=\"theme-btn one\">\r\n                                Detaylar\u0131 \u00d6\u011frenin                            <\/a>\r\n                        <\/div>\r\n                                    <\/div>\r\n            <\/div>\r\n        <\/div>\r\n    <\/div>\r\n\r\n \r\n \t\t\t\t<\/div>\n\t\t\t\t<\/div>\n\t\t\t\t\t<\/div>\n\t\t<\/div>\n\t\t\t\t<div class=\"elementor-column elementor-col-25 elementor-inner-column elementor-element elementor-element-3931374\" data-id=\"3931374\" data-element_type=\"column\" data-e-type=\"column\">\n\t\t\t<div class=\"elementor-widget-wrap elementor-element-populated\">\n\t\t\t\t\t\t<div class=\"elementor-element elementor-element-9d54219 elementor-invisible elementor-widget elementor-widget-creote-team-v1\" data-id=\"9d54219\" data-element_type=\"widget\" data-e-type=\"widget\" data-settings=\"{&quot;_animation&quot;:&quot;fadeInLeft&quot;}\" data-widget_type=\"creote-team-v1.default\">\n\t\t\t\t<div class=\"elementor-widget-container\">\n\t\t\t\t\t \r\n <div class=\"team_box style_one\">\r\n            <div class=\"team_box_outer\">\r\n                            <div class=\"member_image\">\r\n                    <img decoding=\"async\" src=\"https:\/\/capslockdijital.site\/eacmesa\/wp-content\/uploads\/2025\/12\/chestny-znak-urun-kodlamasi-kapak.webp\" alt=\"image\" \/>\r\n                <\/div>\r\n                        <div class=\"about_member\">\r\n                                <div class=\"authour_details\">\r\n                                            <span>Hizmetlerimiz<\/span>\r\n                                                                <div class=\"job_details\">Chestny Znak \u00dcr\u00fcn Kodlamas\u0131<\/div>\r\n                                                                <div class=\"button_view\">\r\n                            <a href=\"https:\/\/capslockdijital.site\/eacmesa\/chestny-znak-urun-kodlamasi\/\"  target=&quot;_blank&quot;  rel=&quot;nofollow&quot; class=\"theme-btn one\">\r\n                                Detaylar\u0131 \u00d6\u011frenin                            <\/a>\r\n                        <\/div>\r\n                                    <\/div>\r\n            <\/div>\r\n        <\/div>\r\n    <\/div>\r\n\r\n \r\n \t\t\t\t<\/div>\n\t\t\t\t<\/div>\n\t\t\t\t<div class=\"elementor-element elementor-element-69a76d9 elementor-invisible elementor-widget elementor-widget-creote-team-v1\" data-id=\"69a76d9\" data-element_type=\"widget\" data-e-type=\"widget\" data-settings=\"{&quot;_animation&quot;:&quot;fadeInLeft&quot;}\" data-widget_type=\"creote-team-v1.default\">\n\t\t\t\t<div class=\"elementor-widget-container\">\n\t\t\t\t\t \r\n <div class=\"team_box style_one\">\r\n            <div class=\"team_box_outer\">\r\n                            <div class=\"member_image\">\r\n                    <img decoding=\"async\" src=\"https:\/\/capslockdijital.site\/eacmesa\/wp-content\/uploads\/2025\/12\/turkiye-devlet-destekleri-kapak.webp\" alt=\"image\" \/>\r\n                <\/div>\r\n                        <div class=\"about_member\">\r\n                                <div class=\"authour_details\">\r\n                                            <span>Hizmetlerimiz<\/span>\r\n                                                                <div class=\"job_details\">T\u00fcrkiye Devlet Destekleri<\/div>\r\n                                                                <div class=\"button_view\">\r\n                            <a href=\"https:\/\/capslockdijital.site\/eacmesa\/turkiye-devlet-destekleri-subvansiyonlar\/\"  target=&quot;_blank&quot;  rel=&quot;nofollow&quot; class=\"theme-btn one\">\r\n                                Detaylar\u0131 \u00d6\u011frenin                            <\/a>\r\n                        <\/div>\r\n                                    <\/div>\r\n            <\/div>\r\n        <\/div>\r\n    <\/div>\r\n\r\n \r\n \t\t\t\t<\/div>\n\t\t\t\t<\/div>\n\t\t\t\t\t<\/div>\n\t\t<\/div>\n\t\t\t\t\t<\/div>\n\t\t<\/section>\n\t\t\t\t\t<\/div>\n\t\t<\/div>\n\t\t\t\t\t<\/div>\n\t\t<\/section>\n\t\t\t\t<\/div>\n\t\t","protected":false},"excerpt":{"rendered":"<p>Belgelendirmede Do\u011fru S\u00fcre\u00e7, Net Sonu\u00e7 Uzmanl\u0131k Alanlar\u0131m\u0131z MESA, belgelendirme alan\u0131nda akredite edilmi\u015f bir uzmand\u0131r. EAC, SGR, beyan (deklarasyon) ve \u00fcr\u00fcn kay\u0131t s\u00fcre\u00e7leri, arac\u0131 olmaks\u0131z\u0131n, do\u011frudan AEB resmi kurumlar\u0131 \u00fczerinden ve bizzat uzman taraf\u0131ndan y\u00fcr\u00fct\u00fclmektedir. Sonu\u00e7 ise do\u011fru belge ve \u00fcr\u00fcn\u00fcn pazara yasal olarak sunulmas\u0131d\u0131r. Hizmetlerimiz EAC Sertifikas\u0131 Detaylar\u0131 \u00d6\u011frenin Hizmetlerimiz T\u0131bbi Cihaz Kayd\u0131 Detaylar\u0131 \u00d6\u011frenin [&hellip;]<\/p>\n","protected":false},"author":1,"featured_media":0,"parent":0,"menu_order":0,"comment_status":"closed","ping_status":"closed","template":"template-fullwidth.php","meta":{"_joinchat":[],"footnotes":""},"class_list":["post-40683","page","type-page","status-publish","hentry"],"_links":{"self":[{"href":"https:\/\/capslockdijital.site\/eacmesa\/wp-json\/wp\/v2\/pages\/40683","targetHints":{"allow":["GET"]}}],"collection":[{"href":"https:\/\/capslockdijital.site\/eacmesa\/wp-json\/wp\/v2\/pages"}],"about":[{"href":"https:\/\/capslockdijital.site\/eacmesa\/wp-json\/wp\/v2\/types\/page"}],"author":[{"embeddable":true,"href":"https:\/\/capslockdijital.site\/eacmesa\/wp-json\/wp\/v2\/users\/1"}],"replies":[{"embeddable":true,"href":"https:\/\/capslockdijital.site\/eacmesa\/wp-json\/wp\/v2\/comments?post=40683"}],"version-history":[{"count":7,"href":"https:\/\/capslockdijital.site\/eacmesa\/wp-json\/wp\/v2\/pages\/40683\/revisions"}],"predecessor-version":[{"id":40783,"href":"https:\/\/capslockdijital.site\/eacmesa\/wp-json\/wp\/v2\/pages\/40683\/revisions\/40783"}],"wp:attachment":[{"href":"https:\/\/capslockdijital.site\/eacmesa\/wp-json\/wp\/v2\/media?parent=40683"}],"curies":[{"name":"wp","href":"https:\/\/api.w.org\/{rel}","templated":true}]}}