{"id":77,"date":"2021-10-05T13:12:07","date_gmt":"2021-10-05T13:12:07","guid":{"rendered":"https:\/\/themepanthers.com\/wp\/creote\/v-new\/?page_id=77"},"modified":"2025-12-20T15:45:39","modified_gmt":"2025-12-20T15:45:39","slug":"iletisim","status":"publish","type":"page","link":"https:\/\/capslockdijital.site\/eacmesa\/iletisim\/","title":{"rendered":"\u0130leti\u015fim"},"content":{"rendered":"\t\t<div data-elementor-type=\"wp-page\" data-elementor-id=\"77\" class=\"elementor elementor-77\">\n\t\t\t\t\t\t<section class=\"elementor-section elementor-top-section elementor-element elementor-element-efe7969 elementor-section-boxed elementor-section-height-default elementor-section-height-default\" data-id=\"efe7969\" data-element_type=\"section\" data-e-type=\"section\">\n\t\t\t\t\t\t<div class=\"elementor-container elementor-column-gap-default\">\n\t\t\t\t\t<div class=\"elementor-column elementor-col-50 elementor-top-column elementor-element elementor-element-dca790f\" data-id=\"dca790f\" data-element_type=\"column\" data-e-type=\"column\">\n\t\t\t<div class=\"elementor-widget-wrap elementor-element-populated\">\n\t\t\t\t\t\t<div class=\"elementor-element elementor-element-2480814 elementor-widget elementor-widget-creote-contact-form-v1\" data-id=\"2480814\" data-element_type=\"widget\" data-e-type=\"widget\" data-widget_type=\"creote-contact-form-v1.default\">\n\t\t\t\t<div class=\"elementor-widget-container\">\n\t\t\t\t\t<section class=\"contact_form_box_all type_one\"  data-aos=\"fade-up\" data-aos-offset=\"0\" data-aos-delay=\"0\" >  <div class=\"contact_form_box_inner\"> <div class=\"contact_form_shortcode\">  \n<div class=\"wpcf7 no-js\" id=\"wpcf7-f40264-o1\" lang=\"en-US\" dir=\"ltr\" data-wpcf7-id=\"40264\">\n<div class=\"screen-reader-response\"><p role=\"status\" aria-live=\"polite\" aria-atomic=\"true\"><\/p> <ul><\/ul><\/div>\n<form action=\"\/eacmesa\/wp-json\/wp\/v2\/pages\/77#wpcf7-f40264-o1\" method=\"post\" class=\"wpcf7-form init\" aria-label=\"Contact form\" novalidate=\"novalidate\" data-status=\"init\">\n<fieldset class=\"hidden-fields-container\"><input type=\"hidden\" name=\"_wpcf7\" value=\"40264\" \/><input type=\"hidden\" name=\"_wpcf7_version\" value=\"6.1.5\" \/><input type=\"hidden\" name=\"_wpcf7_locale\" value=\"en_US\" \/><input type=\"hidden\" name=\"_wpcf7_unit_tag\" value=\"wpcf7-f40264-o1\" \/><input type=\"hidden\" name=\"_wpcf7_container_post\" value=\"0\" \/><input type=\"hidden\" name=\"_wpcf7_posted_data_hash\" value=\"\" \/>\n<\/fieldset>\n<p><label> Ad Soyad<br \/>\n<span class=\"wpcf7-form-control-wrap\" data-name=\"your-name\"><input size=\"40\" maxlength=\"400\" class=\"wpcf7-form-control wpcf7-text wpcf7-validates-as-required\" aria-required=\"true\" aria-invalid=\"false\" placeholder=\"Ad\u0131n\u0131z\u0131 ve soyad\u0131n\u0131z\u0131 giriniz\" value=\"\" type=\"text\" name=\"your-name\" \/><\/span><br \/>\n<i class=\"fa fa-user\"><\/i><br \/>\n<\/label>\n<\/p>\n<p><label> E-posta Adresi<br \/>\n<span class=\"wpcf7-form-control-wrap\" data-name=\"your-email\"><input size=\"40\" maxlength=\"400\" class=\"wpcf7-form-control wpcf7-email wpcf7-validates-as-required wpcf7-text wpcf7-validates-as-email\" aria-required=\"true\" aria-invalid=\"false\" placeholder=\"E-posta adresinizi giriniz\" value=\"\" type=\"email\" name=\"your-email\" \/><\/span><br \/>\n<i class=\"fa fa-envelope\"><\/i><br \/>\n<\/label>\n<\/p>\n<p><label> Konu<br \/>\n<span class=\"wpcf7-form-control-wrap\" data-name=\"your-subject\"><input size=\"40\" maxlength=\"400\" class=\"wpcf7-form-control wpcf7-text wpcf7-validates-as-required\" aria-required=\"true\" aria-invalid=\"false\" placeholder=\"\u0130leti\u015fim konusu\" value=\"\" type=\"text\" name=\"your-subject\" \/><\/span><br \/>\n<i class=\"fa fa-folder\"><\/i><br \/>\n<\/label>\n<\/p>\n<p><label> Mesaj\u0131n\u0131z<br \/>\n<span class=\"wpcf7-form-control-wrap\" data-name=\"your-message\"><textarea cols=\"40\" rows=\"10\" maxlength=\"2000\" class=\"wpcf7-form-control wpcf7-textarea\" aria-invalid=\"false\" placeholder=\"Mesaj\u0131n\u0131z\u0131 buraya yazabilirsiniz\" name=\"your-message\"><\/textarea><\/span><br \/>\n<i class=\"fa fa-comments\"><\/i><br \/>\n<\/label>\n<\/p>\n<p><input class=\"wpcf7-form-control wpcf7-submit has-spinner\" type=\"submit\" value=\"Mesaj G\u00f6nder\" \/>\n<\/p><div class=\"wpcf7-response-output\" aria-hidden=\"true\"><\/div>\n<\/form>\n<\/div>\n  <\/div> <\/div> <\/section>\r\n\t\t\t\t<\/div>\n\t\t\t\t<\/div>\n\t\t\t\t\t<\/div>\n\t\t<\/div>\n\t\t\t\t<div class=\"elementor-column elementor-col-50 elementor-top-column elementor-element elementor-element-5d654ed\" data-id=\"5d654ed\" data-element_type=\"column\" data-e-type=\"column\">\n\t\t\t<div class=\"elementor-widget-wrap elementor-element-populated\">\n\t\t\t\t\t\t<div class=\"elementor-element elementor-element-03e0660 elementor-widget elementor-widget-creote-title-v1\" data-id=\"03e0660\" data-element_type=\"widget\" data-e-type=\"widget\" data-widget_type=\"creote-title-v1.default\">\n\t\t\t\t<div class=\"elementor-widget-container\">\n\t\t\t\t\t<div class=\"title_all_box style_one dark_color\">\r\n            <!-- Default title style -->\r\n        <div class=\"title_sections left\">\r\n                            <div class=\"before_title\">\r\n                    H\u0131zl\u0131, Resm\u00ee ve G\u00fcvenilir \u00c7\u00f6z\u00fcm \u0130\u00e7in                <\/div>\r\n                                        <div class=\"title\">\r\n                    Bizimle \u0130leti\u015fime Ge\u00e7in!                <\/div>\r\n                                        <p>EAC, SGR, deklarasyon, kodlama ve kay\u0131t s\u00fcre\u00e7lerinde do\u011fru yol haritas\u0131n\u0131 \u00f6\u011frenin. Belgeleriniz akrediteli kurulu\u015f \u00fczerinden, ki\u015fisel sorumlulukla ve en k\u0131sa s\u00fcrede haz\u0131rlan\u0131r.<\/p>\r\n                    <\/div>\r\n        <!-- End of default title style -->\r\n\r\n    <\/div>\r\n\t\t\t\t<\/div>\n\t\t\t\t<\/div>\n\t\t\t\t<div class=\"elementor-element elementor-element-83e33b0 elementor-widget elementor-widget-creote-contact-box-v1\" data-id=\"83e33b0\" data-element_type=\"widget\" data-e-type=\"widget\" data-widget_type=\"creote-contact-box-v1.default\">\n\t\t\t\t<div class=\"elementor-widget-container\">\n\t\t\t\t\t \r\n<div class=\"contact_box_content style_one\" \r\n     \r\n        data-aos=\"fade-up\" \r\n        data-aos-delay=\"0\" \r\n        data-aos-offset=\"0\" \r\n    >\r\n            <div class=\"contact_box_inner  icon_yes \">\r\n                            <div class=\"icon_bx\">\r\n                    <span class=\" icon-placeholder\"><\/span>\r\n                <\/div>\r\n                        <div class=\"contnet\">\r\n                                  <div class=\"contitle\">Adres<\/div>\r\n                                                    <p>Cevizlik Mahallesi, Mors\u00fcmb\u00fcl Sokak, \u00c7avu\u015fo\u011flu \u0130s Merkezi, No:1, Ofis: 40-41, \u0130stanbul, T\u00fcrkiye\n<\/p>\r\n                            <\/div>\r\n        <\/div>\r\n    <\/div>\r\n\r\n\t\t\t\t<\/div>\n\t\t\t\t<\/div>\n\t\t\t\t<div class=\"elementor-element elementor-element-eb3e0de elementor-widget elementor-widget-creote-contact-box-v1\" data-id=\"eb3e0de\" data-element_type=\"widget\" data-e-type=\"widget\" data-widget_type=\"creote-contact-box-v1.default\">\n\t\t\t\t<div class=\"elementor-widget-container\">\n\t\t\t\t\t \r\n<div class=\"contact_box_content style_one\" \r\n     \r\n        data-aos=\"fade-up\" \r\n        data-aos-delay=\"0\" \r\n        data-aos-offset=\"0\" \r\n    >\r\n            <div class=\"contact_box_inner  icon_yes \">\r\n                            <div class=\"icon_bx\">\r\n                    <span class=\" icon-phone-call\"><\/span>\r\n                <\/div>\r\n                        <div class=\"contnet\">\r\n                                  <div class=\"contitle\">Telefon<\/div>\r\n                                                    <p>+90 (544) 792 57 10<\/p>\r\n                            <\/div>\r\n        <\/div>\r\n    <\/div>\r\n\r\n\t\t\t\t<\/div>\n\t\t\t\t<\/div>\n\t\t\t\t<div class=\"elementor-element elementor-element-f64590e elementor-widget elementor-widget-creote-contact-box-v1\" data-id=\"f64590e\" data-element_type=\"widget\" data-e-type=\"widget\" data-widget_type=\"creote-contact-box-v1.default\">\n\t\t\t\t<div class=\"elementor-widget-container\">\n\t\t\t\t\t \r\n<div class=\"contact_box_content style_one\" \r\n     \r\n        data-aos=\"fade-up\" \r\n        data-aos-delay=\"0\" \r\n        data-aos-offset=\"0\" \r\n    >\r\n            <div class=\"contact_box_inner  icon_yes \">\r\n                            <div class=\"icon_bx\">\r\n                    <span class=\" icon-mail\"><\/span>\r\n                <\/div>\r\n                        <div class=\"contnet\">\r\n                                  <div class=\"contitle\">E-Mail<\/div>\r\n                                                    <p>mina@eacmesa.com<\/p>\r\n                            <\/div>\r\n        <\/div>\r\n    <\/div>\r\n\r\n\t\t\t\t<\/div>\n\t\t\t\t<\/div>\n\t\t\t\t<div class=\"elementor-element elementor-element-3d00b83 elementor-widget elementor-widget-creote-social-media-v1\" data-id=\"3d00b83\" data-element_type=\"widget\" data-e-type=\"widget\" data-widget_type=\"creote-social-media-v1.default\">\n\t\t\t\t<div class=\"elementor-widget-container\">\n\t\t\t\t\t<div class=\"social_media_v_one\"> <ul>  <li > <a href=\"#\"  > <span class=\"fa fa-facebook\"><\/span> <small>facebook<\/small> <\/a> <\/li>  <li > <a href=\"#\"  > <span class=\"fa fa-twitter\"><\/span> <small>twitter<\/small> <\/a> <\/li>  <li > <a href=\"#\"  > <span class=\"fa fa-skype\"><\/span> <small>skype<\/small> <\/a> <\/li>  <li > <a href=\"#\"  > <span class=\"fa fa-instagram\"><\/span> <small>instagram<\/small> <\/a> <\/li>  <\/ul><\/div>\r\n\t\t\t\t<\/div>\n\t\t\t\t<\/div>\n\t\t\t\t\t<\/div>\n\t\t<\/div>\n\t\t\t\t\t<\/div>\n\t\t<\/section>\n\t\t\t\t<section class=\"elementor-section elementor-top-section elementor-element elementor-element-2a2c0e4 elementor-section-boxed elementor-section-height-default elementor-section-height-default\" data-id=\"2a2c0e4\" data-element_type=\"section\" data-e-type=\"section\">\n\t\t\t\t\t\t<div class=\"elementor-container elementor-column-gap-default\">\n\t\t\t\t\t<div class=\"elementor-column elementor-col-100 elementor-top-column elementor-element elementor-element-35f7b49\" data-id=\"35f7b49\" data-element_type=\"column\" data-e-type=\"column\">\n\t\t\t<div class=\"elementor-widget-wrap elementor-element-populated\">\n\t\t\t\t\t\t<div class=\"elementor-element elementor-element-f68f791 elementor-widget elementor-widget-html\" data-id=\"f68f791\" data-element_type=\"widget\" data-e-type=\"widget\" data-widget_type=\"html.default\">\n\t\t\t\t\t<iframe src=\"https:\/\/www.google.com\/maps\/embed?pb=!1m18!1m12!1m3!1d3012.1560998911486!2d28.873022262596823!3d40.97806257116395!2m3!1f0!2f0!3f0!3m2!1i1024!2i768!4f13.1!3m3!1m2!1s0x14cabca4f4a17403%3A0xaf53fa5eeeb79583!2zw4dhdnXFn2_En2x1IMSwxZ8gTWVyLg!5e0!3m2!1str!2str!4v1766245497960!5m2!1str!2str\" width=\"600\" height=\"450\" style=\"border:0;\" allowfullscreen=\"\" loading=\"lazy\" referrerpolicy=\"no-referrer-when-downgrade\"><\/iframe>\t\t\t\t<\/div>\n\t\t\t\t\t<\/div>\n\t\t<\/div>\n\t\t\t\t\t<\/div>\n\t\t<\/section>\n\t\t\t\t<\/div>\n\t\t","protected":false},"excerpt":{"rendered":"<p>Your name Your email Subject Your message (optional) H\u0131zl\u0131, Resm\u00ee ve G\u00fcvenilir \u00c7\u00f6z\u00fcm \u0130\u00e7in Bizimle \u0130leti\u015fime Ge\u00e7in! EAC, SGR, deklarasyon, kodlama ve kay\u0131t s\u00fcre\u00e7lerinde do\u011fru yol haritas\u0131n\u0131 \u00f6\u011frenin. Belgeleriniz akrediteli kurulu\u015f \u00fczerinden, ki\u015fisel sorumlulukla ve en k\u0131sa s\u00fcrede haz\u0131rlan\u0131r. Adres Cevizlik Mahallesi, Mors\u00fcmb\u00fcl Sokak, \u00c7avu\u015fo\u011flu \u0130s Merkezi, No:1, Ofis: 40-41, \u0130stanbul, T\u00fcrkiye Telefon +90 (544) [&hellip;]<\/p>\n","protected":false},"author":1,"featured_media":0,"parent":0,"menu_order":0,"comment_status":"closed","ping_status":"closed","template":"template-fullwidth.php","meta":{"_joinchat":[],"footnotes":""},"class_list":["post-77","page","type-page","status-publish","hentry"],"_links":{"self":[{"href":"https:\/\/capslockdijital.site\/eacmesa\/wp-json\/wp\/v2\/pages\/77","targetHints":{"allow":["GET"]}}],"collection":[{"href":"https:\/\/capslockdijital.site\/eacmesa\/wp-json\/wp\/v2\/pages"}],"about":[{"href":"https:\/\/capslockdijital.site\/eacmesa\/wp-json\/wp\/v2\/types\/page"}],"author":[{"embeddable":true,"href":"https:\/\/capslockdijital.site\/eacmesa\/wp-json\/wp\/v2\/users\/1"}],"replies":[{"embeddable":true,"href":"https:\/\/capslockdijital.site\/eacmesa\/wp-json\/wp\/v2\/comments?post=77"}],"version-history":[{"count":10,"href":"https:\/\/capslockdijital.site\/eacmesa\/wp-json\/wp\/v2\/pages\/77\/revisions"}],"predecessor-version":[{"id":40377,"href":"https:\/\/capslockdijital.site\/eacmesa\/wp-json\/wp\/v2\/pages\/77\/revisions\/40377"}],"wp:attachment":[{"href":"https:\/\/capslockdijital.site\/eacmesa\/wp-json\/wp\/v2\/media?parent=77"}],"curies":[{"name":"wp","href":"https:\/\/api.w.org\/{rel}","templated":true}]}}